{"id":55,"date":"2016-06-13T15:48:45","date_gmt":"2016-06-13T15:48:45","guid":{"rendered":"http:\/\/sw-themes.com\/porto_dummy\/?page_id=55"},"modified":"2024-01-25T22:15:54","modified_gmt":"2024-01-26T01:15:54","slug":"institucional","status":"publish","type":"page","link":"https:\/\/casanicolau.com.br\/site\/institucional\/","title":{"rendered":"Institucional"},"content":{"rendered":"<div class=\"wpb-content-wrapper\"><p>[vc_row wrap_container=&#8221;yes&#8221; css=&#8221;.vc_custom_1519805538811{padding-top: 50px !important;padding-bottom: 40px !important;background-color: #f4f4f4 !important;}&#8221;][vc_column][vc_row_inner][vc_column_inner]<div class=\"porto-sicon-box  wpb_custom_8d0a76fea33c4ae1305a7ca9e04d0043 style_1 top-icon\"><div class=\"porto-sicon-header\"><h3 class=\"porto-sicon-title\" style=\"font-weight:600;font-size:18px;line-height:20px;\">QUEM SOMOS<\/h3><\/div> <!-- header --><div class=\"porto-sicon-description\" style=\"font-size:15px;line-height:27px;\">A Casa Nicolau \u00e9 uma empresa mineira, fundada em 2008, com foco em automa\u00e7\u00e3o de caf\u00e9 para empresas de grande, m\u00e9dio e pequeno porte, e vendas de m\u00e1quinas para o uso dom\u00e9stico.<\/p>\n<p>Trabalhamos com as melhores marcas de m\u00e1quinas de caf\u00e9 do mercado como, Saeco, Gaggia, Delonghi, TRES, NW\/EVOCA al\u00e9m dos bebedouros IBBL. S\u00e3o excelentes para o uso dom\u00e9stico e empresarial, pois s\u00e3o equipamentos de alto desempenho, apresentando um equil\u00edbrio perfeito entre design, tecnologia e funcionalidade.<\/p>\n<p>No quesito caf\u00e9, a Casa Nicolau \u00e9 uma excelente op\u00e7\u00e3o, al\u00e9m das m\u00e1quinas, temos marca pr\u00f3pria de caf\u00e9, o Caf\u00e9 Belloto, produzido 100% nas terras de Minas Gerais, que possui as certifica\u00e7\u00f5es RAINFOREST ALLIANCE CERTIFIED, de autoriza\u00e7\u00e3o de exporta\u00e7\u00e3o e o BSA, que mede a qualidade da bebida, feita por lotes, avaliados por especialistas anualmente, com sede no Canad\u00e1.<\/p>\n<p>A marca Belloto, encontra nos tipos Gourmet e Superior, gr\u00e3o e p\u00f3, selecionados. S\u00e3o de esp\u00e9cie 100% ar\u00e1bica, variedade Mundo Novo e Catuca\u00ed com aromas suaves e torra m\u00e9dia.<\/p>\n<p>O caf\u00e9 SUPERIOR \u00e9 uma bebida Dura para Melhor, com nota 80 pontos e Estritamente Mole para GOURMET, com nota 83 pontos pela SCAA. Nosso caf\u00e9, bem como todos os produtos da linha de sol\u00favel para Vending Machine, s\u00e3o comprados semanalmente, buscando sempre produtos frescos e de excelente qualidade.<\/p>\n<p>Temos parceria tamb\u00e9m com o Caf\u00e9 3 CORA\u00c7\u00d5ES, para o seguimento de c\u00e1psulas, com infinitas variedades de sabores.<\/div> <!-- description --><\/div><!-- porto-sicon-box --><div class=\"porto-sicon-box  wpb_custom_8d0a76fea33c4ae1305a7ca9e04d0043 style_1 top-icon\"><div class=\"porto-sicon-header\"><h3 class=\"porto-sicon-title\" style=\"font-weight:600;font-size:18px;line-height:20px;\">O QUE FAZEMOS<\/h3><\/div> <!-- header --><div class=\"porto-sicon-description\" style=\"font-size:15px;line-height:27px;\">Fundada em 2008, a Casa Nicolau possui a melhor e mais exclusiva linha de m\u00e1quinas Philips Saeco e Gaggia para resid\u00eancias, escrit\u00f3rios e grandes empresas. Al\u00e9m disto, trabalha com assist\u00eancia t\u00e9cnica em todo estado de Minas Gerais. Essas m\u00e1quinas refletem uma forma de criar momentos com aroma, sabor e experi\u00eancias deliciosas com caf\u00e9.<\/div> <!-- description --><\/div><!-- porto-sicon-box -->[\/vc_column_inner][\/vc_row_inner][vc_row_inner][vc_column_inner]<div class=\"porto-sicon-box  wpb_custom_8d0a76fea33c4ae1305a7ca9e04d0043 style_1 top-icon\"><div class=\"porto-sicon-header\"><h3 class=\"porto-sicon-title\" style=\"font-weight:600;font-size:18px;line-height:20px;\">COMO ATUAMOS<\/h3><\/div> <!-- header --><div class=\"porto-sicon-description\" style=\"font-size:15px;line-height:27px;\">M\u00e1quinas autom\u00e1ticas, super autom\u00e1ticas e em c\u00e1psulas Contratos de aluguel, comodato e venda de m\u00e1quinas. Instala\u00e7\u00e3o e treinamento no local. Servi\u00e7o de assist\u00eancia t\u00e9cnica personalizado. Sistema eficiente de limpeza e higiene no processo.<\/div> <!-- description --><\/div><!-- porto-sicon-box --><div class=\"porto-sicon-box  wpb_custom_8d0a76fea33c4ae1305a7ca9e04d0043 style_1 top-icon\"><div class=\"porto-sicon-header\"><h3 class=\"porto-sicon-title\" style=\"font-weight:600;font-size:18px;line-height:20px;\">EQUIPE<\/h3><\/div> <!-- header --><div class=\"porto-sicon-description\" style=\"font-size:15px;line-height:27px;\">Nossa equipe T\u00e9cnica, \u00e9 altamente qualificada e formada pelas f\u00e1bricas e, com profissionais capacitados para realizarem a manuten\u00e7\u00e3o, assist\u00eancia t\u00e9cnica personalizada, instala\u00e7\u00e3o e treinamento no local.<\/p>\n<p>O Abastecimento das m\u00e1quinas Vending Machine \u00e9 feito diariamente, obedecendo todos os crit\u00e9rios de higiene, e nossa Equipe Comercial preparada para oferecer o melhor neg\u00f3cio, dentro da necessidade da sua empresa, otimizando custo, praticidade e tempo.<\/div> <!-- description --><\/div><!-- porto-sicon-box -->[\/vc_column_inner][\/vc_row_inner][\/vc_column][\/vc_row]<\/p>\n<\/div>","protected":false},"excerpt":{"rendered":"<p>[vc_row wrap_container=&#8221;yes&#8221; css=&#8221;.vc_custom_1519805538811{padding-top: 50px !important;padding-bottom: 40px !important;background-color: #f4f4f4 !important;}&#8221;][vc_column][vc_row_inner][vc_column_inner][\/vc_column_inner][\/vc_row_inner][vc_row_inner][vc_column_inner][\/vc_column_inner][\/vc_row_inner][\/vc_column][\/vc_row]<\/p>\n","protected":false},"author":1,"featured_media":0,"parent":0,"menu_order":0,"comment_status":"closed","ping_status":"closed","template":"","meta":{"footnotes":""},"class_list":["post-55","page","type-page","status-publish","hentry"],"_links":{"self":[{"href":"https:\/\/casanicolau.com.br\/site\/wp-json\/wp\/v2\/pages\/55","targetHints":{"allow":["GET"]}}],"collection":[{"href":"https:\/\/casanicolau.com.br\/site\/wp-json\/wp\/v2\/pages"}],"about":[{"href":"https:\/\/casanicolau.com.br\/site\/wp-json\/wp\/v2\/types\/page"}],"author":[{"embeddable":true,"href":"https:\/\/casanicolau.com.br\/site\/wp-json\/wp\/v2\/users\/1"}],"replies":[{"embeddable":true,"href":"https:\/\/casanicolau.com.br\/site\/wp-json\/wp\/v2\/comments?post=55"}],"version-history":[{"count":16,"href":"https:\/\/casanicolau.com.br\/site\/wp-json\/wp\/v2\/pages\/55\/revisions"}],"predecessor-version":[{"id":2850,"href":"https:\/\/casanicolau.com.br\/site\/wp-json\/wp\/v2\/pages\/55\/revisions\/2850"}],"wp:attachment":[{"href":"https:\/\/casanicolau.com.br\/site\/wp-json\/wp\/v2\/media?parent=55"}],"curies":[{"name":"wp","href":"https:\/\/api.w.org\/{rel}","templated":true}]}}