{"id":67,"date":"2016-06-14T05:20:40","date_gmt":"2016-06-14T08:20:40","guid":{"rendered":"http:\/\/sw-themes.com\/porto_dummy\/?page_id=67"},"modified":"2020-01-02T18:41:37","modified_gmt":"2020-01-02T21:41:37","slug":"servicos","status":"publish","type":"page","link":"https:\/\/casanicolau.com.br\/site\/servicos\/","title":{"rendered":"Servi\u00e7os"},"content":{"rendered":"<div class=\"wpb-content-wrapper\"><p>[vc_row][vc_column][vc_separator color=&#8221;custom&#8221; gap=&#8221;tall&#8221; gradient=&#8221;yes&#8221;][\/vc_column][\/vc_row][vc_row][vc_column width=&#8221;1\/2&#8243;]<div class=\"porto-content-box featured-boxes wpb_content_element \"><div class=\"featured-box featured-box-secondary featured-box-effect-1\"><div class=\"box-content\" style=\"\"><i class=\"icon-featured icon-image\"><img decoding=\"async\" alt=\"\" src=\"\/\/casanicolau.com.br\/site\/wp-content\/uploads\/2019\/10\/maquina-cafe.png\"><\/i>[vc_column_text]<\/p>\n<h4 class=\"text-uppercase\"><span class=\"text-color-secondary\">Venda, aluguel e comodato de m\u00e1quinas dom\u00e9sticas e profissionais<\/span><\/h4>\n<p>Para resid\u00eancia e escrit\u00f3rios. Valorizam o sabor e aroma de caf\u00e9. Designs Modernos. Agilidade e economia. Treinamento para manuseio<br \/>\n<a class=\"learn-more text-color-secondary\" href=\"\/contato\">Saiba mais <i class=\"fa fa-angle-right\"><\/i><\/a>[\/vc_column_text]<\/div><\/div><\/div>[\/vc_column][vc_column width=&#8221;1\/2&#8243;]<div class=\"porto-content-box featured-boxes wpb_content_element \"><div class=\"featured-box featured-box-primary featured-box-effect-1\"><div class=\"box-content\" style=\"\"><i class=\"icon-featured icon-image\"><img decoding=\"async\" alt=\"\" src=\"\/\/casanicolau.com.br\/site\/wp-content\/uploads\/2019\/10\/vending-service.png\"><\/i>[vc_column_text]<\/p>\n<h4 class=\"text-uppercase\"><span class=\"text-color-secondary\">Vending Service<\/span><\/h4>\n<p>Terceiriza\u00e7\u00e3o completa de cafeteria e conveni\u00eancia. Higiene, limpeza e rapidez. Economia de m\u00e3o de obra. Controle de consumo. Padr\u00e3o no produto e servi\u00e7o. Manuten\u00e7\u00e3o permanente. Funcionamento da m\u00e1quina por 24h<\/p>\n<p><a class=\"learn-more text-color-secondary\" href=\"\/contato\">Saiba mais <i class=\"fa fa-angle-right\"><\/i><\/a>[\/vc_column_text]<\/div><\/div><\/div>[\/vc_column][\/vc_row][vc_row][vc_column width=&#8221;1\/2&#8243;]<div class=\"porto-content-box featured-boxes wpb_content_element \"><div class=\"featured-box featured-box-secondary featured-box-effect-1\"><div class=\"box-content\" style=\"\"><i class=\"icon-featured icon-image\"><img decoding=\"async\" alt=\"\" src=\"\/\/casanicolau.com.br\/site\/wp-content\/uploads\/2019\/10\/inst-maquina-cafe.png\"><\/i>[vc_column_text]<\/p>\n<h4 class=\"text-uppercase\"><span class=\"text-color-secondary\">Instala\u00e7\u00e3o e treinamento no local<\/span><\/h4>\n<p>Instala\u00e7\u00e3o e treinamento de manuseio das m\u00e1quinas. Abastecimento de acordo com a necessidade do cliente. Sistema eficiente de limpeza e higiene no processo.<\/p>\n<p><a class=\"learn-more text-color-secondary\" href=\"\/contato\">Saiba mais <i class=\"fa fa-angle-right\"><\/i><\/a>[\/vc_column_text]<\/div><\/div><\/div>[\/vc_column][vc_column width=&#8221;1\/2&#8243;]<div class=\"porto-content-box featured-boxes wpb_content_element \"><div class=\"featured-box featured-box-secondary featured-box-effect-1\"><div class=\"box-content\" style=\"\"><i class=\"icon-featured icon-image\"><img decoding=\"async\" alt=\"\" src=\"\/\/casanicolau.com.br\/site\/wp-content\/uploads\/2019\/10\/caffe.png\"><\/i>[vc_column_text]<\/p>\n<h4 class=\"text-uppercase\"><span class=\"text-color-secondary\">Venda de caf\u00e9s<\/span><\/h4>\n<p>Parceiro e fornecedor dos caf\u00e9s Belloto (gourmet e superior). Seleto Dom em c\u00e1psulas (lev\u00edssimo, descafeinado e intenso) Seleto Forte torrado e mo\u00eddo.<\/p>\n<p><a class=\"learn-more text-color-secondary\" href=\"\/contato\">Saiba mais <i class=\"fa fa-angle-right\"><\/i><\/a>[\/vc_column_text]<\/div><\/div><\/div>[\/vc_column][\/vc_row]<\/p>\n<\/div>","protected":false},"excerpt":{"rendered":"<p>[vc_row][vc_column][vc_separator color=&#8221;custom&#8221; gap=&#8221;tall&#8221; gradient=&#8221;yes&#8221;][\/vc_column][\/vc_row][vc_row][vc_column width=&#8221;1\/2&#8243;][\/vc_column][vc_column width=&#8221;1\/2&#8243;][\/vc_column][\/vc_row][vc_row][vc_column width=&#8221;1\/2&#8243;][\/vc_column][vc_column width=&#8221;1\/2&#8243;][\/vc_column][\/vc_row]<\/p>\n","protected":false},"author":1,"featured_media":0,"parent":0,"menu_order":0,"comment_status":"closed","ping_status":"closed","template":"","meta":{"footnotes":""},"class_list":["post-67","page","type-page","status-publish","hentry"],"_links":{"self":[{"href":"https:\/\/casanicolau.com.br\/site\/wp-json\/wp\/v2\/pages\/67","targetHints":{"allow":["GET"]}}],"collection":[{"href":"https:\/\/casanicolau.com.br\/site\/wp-json\/wp\/v2\/pages"}],"about":[{"href":"https:\/\/casanicolau.com.br\/site\/wp-json\/wp\/v2\/types\/page"}],"author":[{"embeddable":true,"href":"https:\/\/casanicolau.com.br\/site\/wp-json\/wp\/v2\/users\/1"}],"replies":[{"embeddable":true,"href":"https:\/\/casanicolau.com.br\/site\/wp-json\/wp\/v2\/comments?post=67"}],"version-history":[{"count":26,"href":"https:\/\/casanicolau.com.br\/site\/wp-json\/wp\/v2\/pages\/67\/revisions"}],"predecessor-version":[{"id":2550,"href":"https:\/\/casanicolau.com.br\/site\/wp-json\/wp\/v2\/pages\/67\/revisions\/2550"}],"wp:attachment":[{"href":"https:\/\/casanicolau.com.br\/site\/wp-json\/wp\/v2\/media?parent=67"}],"curies":[{"name":"wp","href":"https:\/\/api.w.org\/{rel}","templated":true}]}}