{"id":2218,"date":"2019-09-18T19:24:26","date_gmt":"2019-09-18T22:24:26","guid":{"rendered":"http:\/\/taskinfo.com.br\/nicolau2\/?post_type=product&#038;p=2218"},"modified":"2020-02-06T13:06:41","modified_gmt":"2020-02-06T16:06:41","slug":"cafe-grao-belloto-gourmet","status":"publish","type":"product","link":"https:\/\/casanicolau.com.br\/site\/product\/cafe-grao-belloto-gourmet\/","title":{"rendered":"Caf\u00e9 Gr\u00e3o Belloto Gourmet"},"content":{"rendered":"<p>Caf\u00e9 Belloto, blend 100% ar\u00e1bico, brasileiro, tipo exporta\u00e7\u00e3o. Alinhado ao cultivo dos gr\u00e3os \u00e0 modernidade dos processos de produ\u00e7\u00e3o.<\/p>\n","protected":false},"excerpt":{"rendered":"<p>Caf\u00e9 Belloto, blend 100% ar\u00e1bico, brasileiro, tipo exporta\u00e7\u00e3o. Alinhado ao cultivo dos gr\u00e3os \u00e0 modernidade dos processos de produ\u00e7\u00e3o.<\/p>\n","protected":false},"featured_media":2824,"comment_status":"open","ping_status":"closed","template":"","meta":[],"product_brand":[],"product_cat":[145,170],"product_tag":[157],"class_list":{"0":"post-2218","1":"product","2":"type-product","3":"status-publish","4":"has-post-thumbnail","6":"product_cat-cafe","7":"product_cat-produtos","8":"product_tag-cafe-grao-belloto","10":"first","11":"instock","12":"shipping-taxable","13":"product-type-simple"},"_links":{"self":[{"href":"https:\/\/casanicolau.com.br\/site\/wp-json\/wp\/v2\/product\/2218","targetHints":{"allow":["GET"]}}],"collection":[{"href":"https:\/\/casanicolau.com.br\/site\/wp-json\/wp\/v2\/product"}],"about":[{"href":"https:\/\/casanicolau.com.br\/site\/wp-json\/wp\/v2\/types\/product"}],"replies":[{"embeddable":true,"href":"https:\/\/casanicolau.com.br\/site\/wp-json\/wp\/v2\/comments?post=2218"}],"wp:featuredmedia":[{"embeddable":true,"href":"https:\/\/casanicolau.com.br\/site\/wp-json\/wp\/v2\/media\/2824"}],"wp:attachment":[{"href":"https:\/\/casanicolau.com.br\/site\/wp-json\/wp\/v2\/media?parent=2218"}],"wp:term":[{"taxonomy":"product_brand","embeddable":true,"href":"https:\/\/casanicolau.com.br\/site\/wp-json\/wp\/v2\/product_brand?post=2218"},{"taxonomy":"product_cat","embeddable":true,"href":"https:\/\/casanicolau.com.br\/site\/wp-json\/wp\/v2\/product_cat?post=2218"},{"taxonomy":"product_tag","embeddable":true,"href":"https:\/\/casanicolau.com.br\/site\/wp-json\/wp\/v2\/product_tag?post=2218"}],"curies":[{"name":"wp","href":"https:\/\/api.w.org\/{rel}","templated":true}]}}