{"id":2256,"date":"2019-09-18T19:46:24","date_gmt":"2019-09-18T22:46:24","guid":{"rendered":"http:\/\/taskinfo.com.br\/nicolau2\/?post_type=product&#038;p=2256"},"modified":"2019-09-29T18:27:31","modified_gmt":"2019-09-29T21:27:31","slug":"vienna-ocs","status":"publish","type":"product","link":"https:\/\/casanicolau.com.br\/site\/product\/vienna-ocs\/","title":{"rendered":"Vienna OCS"},"content":{"rendered":"<p>Descri\u00e7\u00e3o do produto<\/p>\n<p>A m\u00e1quina de caf\u00e9 super autom\u00e1tica Nova Vienna OCS \u2013 SAECO \u00e9 uma m\u00e1quina de caf\u00e9 pr\u00e1tica com designer moderno e de uso f\u00e1cil para os amantes do caf\u00e9 expresso.<\/p>\n<p>A Vienna OCS \u00e9 uma m\u00e1quina de caf\u00e9 indicada para resid\u00eancias, escrit\u00f3rios, pequenas empresas, lojas e cl\u00ednicas de est\u00e9tica. Atende at\u00e9 20 pessoas.<\/p>\n<p>Abaixo, listamos tudo que a Vienna OCS possui e os benef\u00edcios que ela pode te oferecer.<\/p>\n<p>Para sua comodidade:<\/p>\n<p>O painel frontal da Vienna OCS \u00e9 de f\u00e1cil utiliza\u00e7\u00e3o, bastante intuitivo. Voc\u00ea pode escolher se deseja seu caf\u00e9 curto, m\u00e9dio ou longo.<\/p>\n<p>A Vienna OCS possui gaveta de borras com parada autom\u00e1tica para o descarte das borras de caf\u00e9.<\/p>\n<p>Para sua bebida ficar ainda melhor:<\/p>\n<p>A Nova Vienna OCS, possui discos de cer\u00e2mica, que deixar\u00e3o seu caf\u00e9 ainda mais cremoso.<\/p>\n<p>Voc\u00ea poder\u00e1 selecionar a quantidade de p\u00f3 que deseja utilizar por dose, e tamb\u00e9m poder\u00e1 programar o volume de \u00e1gua a ser utilizado, deixando seu caf\u00e9 com o sabor que desejar.<\/p>\n<p>A Vienna OCS tem um vaporizador que permite o preparo de cappuccinos cremosos e sa\u00edda de \u00e1gua quente, que permite o preparo de ch\u00e1s, na temperatura ideal.<\/p>\n","protected":false},"excerpt":{"rendered":"<p>Descri\u00e7\u00e3o do produto A m\u00e1quina de caf\u00e9 super autom\u00e1tica Nova Vienna OCS \u2013 SAECO \u00e9 uma m\u00e1quina de caf\u00e9 pr\u00e1tica com designer moderno e de uso f\u00e1cil para os amantes do caf\u00e9 expresso. A Vienna OCS \u00e9 uma m\u00e1quina de caf\u00e9 indicada para resid\u00eancias, escrit\u00f3rios, pequenas empresas, lojas e cl\u00ednicas de est\u00e9tica. Atende at\u00e9 20 [&hellip;]<\/p>\n","protected":false},"featured_media":2479,"comment_status":"open","ping_status":"closed","template":"","meta":[],"product_brand":[],"product_cat":[156],"product_tag":[168],"class_list":{"0":"post-2256","1":"product","2":"type-product","3":"status-publish","4":"has-post-thumbnail","6":"product_cat-maquinas","7":"product_tag-maquinas","9":"first","10":"instock","11":"shipping-taxable","12":"product-type-simple"},"_links":{"self":[{"href":"https:\/\/casanicolau.com.br\/site\/wp-json\/wp\/v2\/product\/2256","targetHints":{"allow":["GET"]}}],"collection":[{"href":"https:\/\/casanicolau.com.br\/site\/wp-json\/wp\/v2\/product"}],"about":[{"href":"https:\/\/casanicolau.com.br\/site\/wp-json\/wp\/v2\/types\/product"}],"replies":[{"embeddable":true,"href":"https:\/\/casanicolau.com.br\/site\/wp-json\/wp\/v2\/comments?post=2256"}],"wp:featuredmedia":[{"embeddable":true,"href":"https:\/\/casanicolau.com.br\/site\/wp-json\/wp\/v2\/media\/2479"}],"wp:attachment":[{"href":"https:\/\/casanicolau.com.br\/site\/wp-json\/wp\/v2\/media?parent=2256"}],"wp:term":[{"taxonomy":"product_brand","embeddable":true,"href":"https:\/\/casanicolau.com.br\/site\/wp-json\/wp\/v2\/product_brand?post=2256"},{"taxonomy":"product_cat","embeddable":true,"href":"https:\/\/casanicolau.com.br\/site\/wp-json\/wp\/v2\/product_cat?post=2256"},{"taxonomy":"product_tag","embeddable":true,"href":"https:\/\/casanicolau.com.br\/site\/wp-json\/wp\/v2\/product_tag?post=2256"}],"curies":[{"name":"wp","href":"https:\/\/api.w.org\/{rel}","templated":true}]}}