{"id":2260,"date":"2019-09-18T19:49:29","date_gmt":"2019-09-18T22:49:29","guid":{"rendered":"http:\/\/taskinfo.com.br\/nicolau2\/?post_type=product&#038;p=2260"},"modified":"2019-09-29T17:57:12","modified_gmt":"2019-09-29T20:57:12","slug":"vienna","status":"publish","type":"product","link":"https:\/\/casanicolau.com.br\/site\/product\/vienna\/","title":{"rendered":"Vienna"},"content":{"rendered":"<p>\u2022 Para um ou dois caf\u00e9s curto<br \/>\n\u2022 Para um ou dois caf\u00e9s longo<br \/>\n\u2022 Sa\u00edda de \u00e1gua quente p\/prepara\u00e7\u00e3o de ch\u00e1<br \/>\n\u2022 Vapor de \u00e1gua p\/aquecer leite p\/cappuccino<br \/>\n\u2022 Unidade central remov\u00edvel (Grupo)<br \/>\n\u2022 Reservat\u00f3rio de \u00e1gua com capacidade para:1,7L<br \/>\n\u2022 Reservat\u00f3rio de Gr\u00e3o com capacidade para: 350 Gr<br \/>\n\u2022 Capacidade para 15 Borras<br \/>\n\u2022 Suporte (base) remov\u00edvel<br \/>\n\u2022 Dimens\u00e3o: (L x A x P): 38,0&#215;36,0x36,1mm<br \/>\n\u2022 Peso: 9 kg<br \/>\n\u2022 Voltagem: 110 e 220 * A confirmar disponibilidade<\/p>\n","protected":false},"excerpt":{"rendered":"<p>\u2022 Para um ou dois caf\u00e9s curto \u2022 Para um ou dois caf\u00e9s longo \u2022 Sa\u00edda de \u00e1gua quente p\/prepara\u00e7\u00e3o de ch\u00e1 \u2022 Vapor de \u00e1gua p\/aquecer leite p\/cappuccino \u2022 Unidade central remov\u00edvel (Grupo) \u2022 Reservat\u00f3rio de \u00e1gua com capacidade para:1,7L \u2022 Reservat\u00f3rio de Gr\u00e3o com capacidade para: 350 Gr \u2022 Capacidade para 15 Borras [&hellip;]<\/p>\n","protected":false},"featured_media":2477,"comment_status":"open","ping_status":"closed","template":"","meta":[],"product_brand":[],"product_cat":[156],"product_tag":[168],"class_list":{"0":"post-2260","1":"product","2":"type-product","3":"status-publish","4":"has-post-thumbnail","6":"product_cat-maquinas","7":"product_tag-maquinas","9":"first","10":"instock","11":"shipping-taxable","12":"product-type-simple"},"_links":{"self":[{"href":"https:\/\/casanicolau.com.br\/site\/wp-json\/wp\/v2\/product\/2260","targetHints":{"allow":["GET"]}}],"collection":[{"href":"https:\/\/casanicolau.com.br\/site\/wp-json\/wp\/v2\/product"}],"about":[{"href":"https:\/\/casanicolau.com.br\/site\/wp-json\/wp\/v2\/types\/product"}],"replies":[{"embeddable":true,"href":"https:\/\/casanicolau.com.br\/site\/wp-json\/wp\/v2\/comments?post=2260"}],"wp:featuredmedia":[{"embeddable":true,"href":"https:\/\/casanicolau.com.br\/site\/wp-json\/wp\/v2\/media\/2477"}],"wp:attachment":[{"href":"https:\/\/casanicolau.com.br\/site\/wp-json\/wp\/v2\/media?parent=2260"}],"wp:term":[{"taxonomy":"product_brand","embeddable":true,"href":"https:\/\/casanicolau.com.br\/site\/wp-json\/wp\/v2\/product_brand?post=2260"},{"taxonomy":"product_cat","embeddable":true,"href":"https:\/\/casanicolau.com.br\/site\/wp-json\/wp\/v2\/product_cat?post=2260"},{"taxonomy":"product_tag","embeddable":true,"href":"https:\/\/casanicolau.com.br\/site\/wp-json\/wp\/v2\/product_tag?post=2260"}],"curies":[{"name":"wp","href":"https:\/\/api.w.org\/{rel}","templated":true}]}}