{"id":2264,"date":"2019-09-18T19:53:10","date_gmt":"2019-09-18T22:53:10","guid":{"rendered":"http:\/\/taskinfo.com.br\/nicolau2\/?post_type=product&#038;p=2264"},"modified":"2019-09-29T17:55:35","modified_gmt":"2019-09-29T20:55:35","slug":"royal-profissional","status":"publish","type":"product","link":"https:\/\/casanicolau.com.br\/site\/product\/royal-profissional\/","title":{"rendered":"Royal Profissional"},"content":{"rendered":"<p>A fam\u00edlia Royal possue 4 modelos de m\u00e1quinas que se adaptam perfeitamente a todo o tipo de ambiente. A Royal Profissional possui 1 caldeira e 1 dispositivo que permitem preparar o leite instantaneamente. Faz maravilhosos caf\u00e9s espresso, ch\u00e1s e infus\u00f5es, com muito mais praticidade e sabor nas suas bebidas. Al\u00e9m disso, possui tamb\u00e9m uma sa\u00edda de vapor.<\/p>\n<p>\u2022 Aquecimento de x\u00edcaras<br \/>\n\u2022 Display Digital<br \/>\n\u2022 Moagem de caf\u00e9 ajust\u00e1vel<br \/>\n\u2022 Reservat\u00f3rio de Gr\u00e3os de 300 Gr<br \/>\n\u2022 Reservat\u00f3rio de \u00c1gua 2,4 L<br \/>\n\u2022 Capacidade de 30 Borras<br \/>\n\u2022 Peso: 15 kg<br \/>\n\u2022 Dimens\u00f5es (L x A x P): 39,0&#215;39, 5&#215;45, 5 mm<br \/>\n\u2022 Voltagem: 220 * A confirmar disponibilidade<\/p>\n","protected":false},"excerpt":{"rendered":"<p>A fam\u00edlia Royal possue 4 modelos de m\u00e1quinas que se adaptam perfeitamente a todo o tipo de ambiente. A Royal Profissional possui 1 caldeira e 1 dispositivo que permitem preparar o leite instantaneamente. Faz maravilhosos caf\u00e9s espresso, ch\u00e1s e infus\u00f5es, com muito mais praticidade e sabor nas suas bebidas. Al\u00e9m disso, possui tamb\u00e9m uma sa\u00edda [&hellip;]<\/p>\n","protected":false},"featured_media":2475,"comment_status":"open","ping_status":"closed","template":"","meta":[],"product_brand":[],"product_cat":[156],"product_tag":[168],"class_list":{"0":"post-2264","1":"product","2":"type-product","3":"status-publish","4":"has-post-thumbnail","6":"product_cat-maquinas","7":"product_tag-maquinas","9":"first","10":"instock","11":"shipping-taxable","12":"product-type-simple"},"_links":{"self":[{"href":"https:\/\/casanicolau.com.br\/site\/wp-json\/wp\/v2\/product\/2264","targetHints":{"allow":["GET"]}}],"collection":[{"href":"https:\/\/casanicolau.com.br\/site\/wp-json\/wp\/v2\/product"}],"about":[{"href":"https:\/\/casanicolau.com.br\/site\/wp-json\/wp\/v2\/types\/product"}],"replies":[{"embeddable":true,"href":"https:\/\/casanicolau.com.br\/site\/wp-json\/wp\/v2\/comments?post=2264"}],"wp:featuredmedia":[{"embeddable":true,"href":"https:\/\/casanicolau.com.br\/site\/wp-json\/wp\/v2\/media\/2475"}],"wp:attachment":[{"href":"https:\/\/casanicolau.com.br\/site\/wp-json\/wp\/v2\/media?parent=2264"}],"wp:term":[{"taxonomy":"product_brand","embeddable":true,"href":"https:\/\/casanicolau.com.br\/site\/wp-json\/wp\/v2\/product_brand?post=2264"},{"taxonomy":"product_cat","embeddable":true,"href":"https:\/\/casanicolau.com.br\/site\/wp-json\/wp\/v2\/product_cat?post=2264"},{"taxonomy":"product_tag","embeddable":true,"href":"https:\/\/casanicolau.com.br\/site\/wp-json\/wp\/v2\/product_tag?post=2264"}],"curies":[{"name":"wp","href":"https:\/\/api.w.org\/{rel}","templated":true}]}}