{"id":2266,"date":"2019-09-18T19:54:45","date_gmt":"2019-09-18T22:54:45","guid":{"rendered":"http:\/\/taskinfo.com.br\/nicolau2\/?post_type=product&#038;p=2266"},"modified":"2019-09-29T17:52:39","modified_gmt":"2019-09-29T20:52:39","slug":"phedra","status":"publish","type":"product","link":"https:\/\/casanicolau.com.br\/site\/product\/phedra\/","title":{"rendered":"Phedra"},"content":{"rendered":"<p>Todas as fases de prepara\u00e7\u00e3o dos produtos s\u00e3o automatizadas, eliminando qualquer contato manual, os liofilizados ficam em reservat\u00f3rios hermeticamente fechados com exce\u00e7\u00e3o do a\u00e7\u00facar, dos copos descart\u00e1veis (110 ml) e os mexedores que ficam disponibilizados no gabinete. Possui um designer refinado e oferece at\u00e9 oito bebidas selecion\u00e1veis. Necessita de Ponto H\u00eddrico ou Kit Autonomia.<\/p>\n<p>\u2022 3 Compartimentos de Bebidas Sol\u00faveis<br \/>\n\u2022 1 Compartimentos de Gr\u00e3os<br \/>\n\u2022 Peso: 31,3 kg<br \/>\n\u2022 Dimens\u00f5es (L x A x P): 39,5&#215;59,5&#215;43,0 mm<br \/>\n\u2022 Voltagem: 110 e 220 * A confirmar disponibilidade<\/p>\n","protected":false},"excerpt":{"rendered":"<p>Todas as fases de prepara\u00e7\u00e3o dos produtos s\u00e3o automatizadas, eliminando qualquer contato manual, os liofilizados ficam em reservat\u00f3rios hermeticamente fechados com exce\u00e7\u00e3o do a\u00e7\u00facar, dos copos descart\u00e1veis (110 ml) e os mexedores que ficam disponibilizados no gabinete. Possui um designer refinado e oferece at\u00e9 oito bebidas selecion\u00e1veis. Necessita de Ponto H\u00eddrico ou Kit Autonomia. \u2022 [&hellip;]<\/p>\n","protected":false},"featured_media":2472,"comment_status":"open","ping_status":"closed","template":"","meta":[],"product_brand":[],"product_cat":[156],"product_tag":[168],"class_list":{"0":"post-2266","1":"product","2":"type-product","3":"status-publish","4":"has-post-thumbnail","6":"product_cat-maquinas","7":"product_tag-maquinas","9":"first","10":"instock","11":"shipping-taxable","12":"product-type-simple"},"_links":{"self":[{"href":"https:\/\/casanicolau.com.br\/site\/wp-json\/wp\/v2\/product\/2266","targetHints":{"allow":["GET"]}}],"collection":[{"href":"https:\/\/casanicolau.com.br\/site\/wp-json\/wp\/v2\/product"}],"about":[{"href":"https:\/\/casanicolau.com.br\/site\/wp-json\/wp\/v2\/types\/product"}],"replies":[{"embeddable":true,"href":"https:\/\/casanicolau.com.br\/site\/wp-json\/wp\/v2\/comments?post=2266"}],"wp:featuredmedia":[{"embeddable":true,"href":"https:\/\/casanicolau.com.br\/site\/wp-json\/wp\/v2\/media\/2472"}],"wp:attachment":[{"href":"https:\/\/casanicolau.com.br\/site\/wp-json\/wp\/v2\/media?parent=2266"}],"wp:term":[{"taxonomy":"product_brand","embeddable":true,"href":"https:\/\/casanicolau.com.br\/site\/wp-json\/wp\/v2\/product_brand?post=2266"},{"taxonomy":"product_cat","embeddable":true,"href":"https:\/\/casanicolau.com.br\/site\/wp-json\/wp\/v2\/product_cat?post=2266"},{"taxonomy":"product_tag","embeddable":true,"href":"https:\/\/casanicolau.com.br\/site\/wp-json\/wp\/v2\/product_tag?post=2266"}],"curies":[{"name":"wp","href":"https:\/\/api.w.org\/{rel}","templated":true}]}}