{"id":2268,"date":"2019-09-18T19:56:17","date_gmt":"2019-09-18T22:56:17","guid":{"rendered":"http:\/\/taskinfo.com.br\/nicolau2\/?post_type=product&#038;p=2268"},"modified":"2019-09-29T17:52:54","modified_gmt":"2019-09-29T20:52:54","slug":"lara","status":"publish","type":"product","link":"https:\/\/casanicolau.com.br\/site\/product\/lara\/","title":{"rendered":"Lara"},"content":{"rendered":"<p>M\u00e1quina Semi-Autom\u00e1tica de bebidas quentes que opera com caf\u00e9 sol\u00favel. Com 2 Contenedores serve 2 op\u00e7\u00f5es de bebidas. De F\u00e1cil Manuseio. R\u00e1pida pr\u00e1tica e muito Higi\u00eanica oferece \u00f3timo custo beneficio. Prepara em poucos segundos as seguintes bebidas: Caf\u00e9 Curto; Caf\u00e9 Longo; Chocolate; Cappuccino. Funciona com Ponto H\u00eddrico, Kit Autonomia(Gal\u00e3o de \u00e1gua) ou temos a vers\u00e3o aut\u00f4noma (vem com compartimento de \u00e1gua).<\/p>\n<p>\u2022 2 Compartimentos de Bebidas Sol\u00faveis<br \/>\n\u2022 Na vers\u00e3o Aut\u00f4noma compartimento de \u00c1gua de 3,5 Litros<br \/>\n\u2022 Dimens\u00f5es (L x A x P): 16,0&#215;49,2&#215;41,0 mm<br \/>\n\u2022 Peso 23 Kg<br \/>\n\u2022 Voltagem: 220v * A confirmar disponibilidade<\/p>\n","protected":false},"excerpt":{"rendered":"<p>M\u00e1quina Semi-Autom\u00e1tica de bebidas quentes que opera com caf\u00e9 sol\u00favel. Com 2 Contenedores serve 2 op\u00e7\u00f5es de bebidas. De F\u00e1cil Manuseio. R\u00e1pida pr\u00e1tica e muito Higi\u00eanica oferece \u00f3timo custo beneficio. Prepara em poucos segundos as seguintes bebidas: Caf\u00e9 Curto; Caf\u00e9 Longo; Chocolate; Cappuccino. Funciona com Ponto H\u00eddrico, Kit Autonomia(Gal\u00e3o de \u00e1gua) ou temos a vers\u00e3o [&hellip;]<\/p>\n","protected":false},"featured_media":2473,"comment_status":"open","ping_status":"closed","template":"","meta":[],"product_brand":[],"product_cat":[156],"product_tag":[168],"class_list":{"0":"post-2268","1":"product","2":"type-product","3":"status-publish","4":"has-post-thumbnail","6":"product_cat-maquinas","7":"product_tag-maquinas","9":"first","10":"instock","11":"shipping-taxable","12":"product-type-simple"},"_links":{"self":[{"href":"https:\/\/casanicolau.com.br\/site\/wp-json\/wp\/v2\/product\/2268","targetHints":{"allow":["GET"]}}],"collection":[{"href":"https:\/\/casanicolau.com.br\/site\/wp-json\/wp\/v2\/product"}],"about":[{"href":"https:\/\/casanicolau.com.br\/site\/wp-json\/wp\/v2\/types\/product"}],"replies":[{"embeddable":true,"href":"https:\/\/casanicolau.com.br\/site\/wp-json\/wp\/v2\/comments?post=2268"}],"wp:featuredmedia":[{"embeddable":true,"href":"https:\/\/casanicolau.com.br\/site\/wp-json\/wp\/v2\/media\/2473"}],"wp:attachment":[{"href":"https:\/\/casanicolau.com.br\/site\/wp-json\/wp\/v2\/media?parent=2268"}],"wp:term":[{"taxonomy":"product_brand","embeddable":true,"href":"https:\/\/casanicolau.com.br\/site\/wp-json\/wp\/v2\/product_brand?post=2268"},{"taxonomy":"product_cat","embeddable":true,"href":"https:\/\/casanicolau.com.br\/site\/wp-json\/wp\/v2\/product_cat?post=2268"},{"taxonomy":"product_tag","embeddable":true,"href":"https:\/\/casanicolau.com.br\/site\/wp-json\/wp\/v2\/product_tag?post=2268"}],"curies":[{"name":"wp","href":"https:\/\/api.w.org\/{rel}","templated":true}]}}