{"id":2270,"date":"2019-09-18T19:57:54","date_gmt":"2019-09-18T22:57:54","guid":{"rendered":"http:\/\/taskinfo.com.br\/nicolau2\/?post_type=product&#038;p=2270"},"modified":"2019-09-29T17:50:12","modified_gmt":"2019-09-29T20:50:12","slug":"royal-office","status":"publish","type":"product","link":"https:\/\/casanicolau.com.br\/site\/product\/royal-office\/","title":{"rendered":"Royal Office"},"content":{"rendered":"<p>Utiliza caf\u00e9 mo\u00eddo na hora. Grupo de Caf\u00e9 exclusivo Saeco, para a m\u00e1xima qualidade do caf\u00e9 expresso, de simples manuten\u00e7\u00e3o e limpeza, mais resistente e mais confi\u00e1vel. Dispensador de \u00e1gua quente para a prepara\u00e7\u00e3o de ch\u00e1s e outras infus\u00f5es. Fecho centralizado para o contentor de \u00e1gua e do dep\u00f3sito de caf\u00e9. Inclui contadores que podem ser zerados, para caf\u00e9 e \u00e1gua, e contador para o total de caf\u00e9 e \u00e1gua, sem possibilidade de colocar a zeros. Programa\u00e7\u00e3o personalizada. Controle eletr\u00f4nico da temperatura. Caldeira com v\u00e1lvula de seguran\u00e7a<\/p>\n<p>\u2022 Moedor de Gr\u00e3os<br \/>\n\u2022 Reservat\u00f3rio de Gr\u00e3os de 950 Gr<br \/>\n\u2022 Reservat\u00f3rio de \u00c1gua de 6,5 L<br \/>\n\u2022 Capacidade de 30 Borras<br \/>\n\u2022 Peso: 15 kG<br \/>\n\u2022 Dimens\u00f5es (L x A x P): 38,0&#215;46,0x44,0 mm<br \/>\n\u2022 Voltagem: 110 e 220 * A confirmar disponibilidade<\/p>\n","protected":false},"excerpt":{"rendered":"<p>Utiliza caf\u00e9 mo\u00eddo na hora. Grupo de Caf\u00e9 exclusivo Saeco, para a m\u00e1xima qualidade do caf\u00e9 expresso, de simples manuten\u00e7\u00e3o e limpeza, mais resistente e mais confi\u00e1vel. Dispensador de \u00e1gua quente para a prepara\u00e7\u00e3o de ch\u00e1s e outras infus\u00f5es. Fecho centralizado para o contentor de \u00e1gua e do dep\u00f3sito de caf\u00e9. Inclui contadores que podem [&hellip;]<\/p>\n","protected":false},"featured_media":2469,"comment_status":"open","ping_status":"closed","template":"","meta":[],"product_brand":[],"product_cat":[156],"product_tag":[168],"class_list":{"0":"post-2270","1":"product","2":"type-product","3":"status-publish","4":"has-post-thumbnail","6":"product_cat-maquinas","7":"product_tag-maquinas","9":"first","10":"instock","11":"shipping-taxable","12":"product-type-simple"},"_links":{"self":[{"href":"https:\/\/casanicolau.com.br\/site\/wp-json\/wp\/v2\/product\/2270","targetHints":{"allow":["GET"]}}],"collection":[{"href":"https:\/\/casanicolau.com.br\/site\/wp-json\/wp\/v2\/product"}],"about":[{"href":"https:\/\/casanicolau.com.br\/site\/wp-json\/wp\/v2\/types\/product"}],"replies":[{"embeddable":true,"href":"https:\/\/casanicolau.com.br\/site\/wp-json\/wp\/v2\/comments?post=2270"}],"wp:featuredmedia":[{"embeddable":true,"href":"https:\/\/casanicolau.com.br\/site\/wp-json\/wp\/v2\/media\/2469"}],"wp:attachment":[{"href":"https:\/\/casanicolau.com.br\/site\/wp-json\/wp\/v2\/media?parent=2270"}],"wp:term":[{"taxonomy":"product_brand","embeddable":true,"href":"https:\/\/casanicolau.com.br\/site\/wp-json\/wp\/v2\/product_brand?post=2270"},{"taxonomy":"product_cat","embeddable":true,"href":"https:\/\/casanicolau.com.br\/site\/wp-json\/wp\/v2\/product_cat?post=2270"},{"taxonomy":"product_tag","embeddable":true,"href":"https:\/\/casanicolau.com.br\/site\/wp-json\/wp\/v2\/product_tag?post=2270"}],"curies":[{"name":"wp","href":"https:\/\/api.w.org\/{rel}","templated":true}]}}