{"id":2275,"date":"2019-09-18T20:06:28","date_gmt":"2019-09-18T23:06:28","guid":{"rendered":"http:\/\/taskinfo.com.br\/nicolau2\/?post_type=product&#038;p=2275"},"modified":"2019-09-29T17:50:53","modified_gmt":"2019-09-29T20:50:53","slug":"cristallo","status":"publish","type":"product","link":"https:\/\/casanicolau.com.br\/site\/product\/cristallo\/","title":{"rendered":"Cristallo"},"content":{"rendered":"<p>Todas as fases de prepara\u00e7\u00e3o dos produtos s\u00e3o automatizadas, eliminando qualquer contato manual (inclusive o fornecimento de copo, a\u00e7\u00facar e mexedor que s\u00e3o dispensados automaticamente e se encontram em compartimentos pr\u00f3prios no interior da m\u00e1quina), isolando os descart\u00e1veis em compartimentos internos fechados e os liofilizados em reservat\u00f3rios hermeticamente fechados. Possui um designer refinado e oferece at\u00e9 doze bebidas selecion\u00e1veis.<\/p>\n<p>\u2022 Necessita de Ponto H\u00eddrico<br \/>\n\u2022 Distribui\u00e7\u00e3o autom\u00e1tica de Copos,A\u00e7\u00facar e Mexedores<br \/>\n\u2022 Utiliza caf\u00e9 em Gr\u00e3o e Bebidas Sol\u00faveis<br \/>\n\u2022 Voltagem: 220 V<br \/>\n\u2022 Teclado com 12 sele\u00e7\u00f5es diretas<br \/>\n\u2022 Copos 400 \u2022 Alimenta\u00e7\u00e3o: 230 V\/ 60HZ<br \/>\n\u2022 Potencia absorvida: 1250 W<br \/>\n\u2022 Dimens\u00f5es: 577 x 1600 x 577 mm<br \/>\n\u2022 Peso: 97 kg<\/p>\n","protected":false},"excerpt":{"rendered":"<p>Todas as fases de prepara\u00e7\u00e3o dos produtos s\u00e3o automatizadas, eliminando qualquer contato manual (inclusive o fornecimento de copo, a\u00e7\u00facar e mexedor que s\u00e3o dispensados automaticamente e se encontram em compartimentos pr\u00f3prios no interior da m\u00e1quina), isolando os descart\u00e1veis em compartimentos internos fechados e os liofilizados em reservat\u00f3rios hermeticamente fechados. Possui um designer refinado e oferece [&hellip;]<\/p>\n","protected":false},"featured_media":2470,"comment_status":"open","ping_status":"closed","template":"","meta":[],"product_brand":[],"product_cat":[156],"product_tag":[168],"class_list":{"0":"post-2275","1":"product","2":"type-product","3":"status-publish","4":"has-post-thumbnail","6":"product_cat-maquinas","7":"product_tag-maquinas","9":"first","10":"instock","11":"shipping-taxable","12":"product-type-simple"},"_links":{"self":[{"href":"https:\/\/casanicolau.com.br\/site\/wp-json\/wp\/v2\/product\/2275","targetHints":{"allow":["GET"]}}],"collection":[{"href":"https:\/\/casanicolau.com.br\/site\/wp-json\/wp\/v2\/product"}],"about":[{"href":"https:\/\/casanicolau.com.br\/site\/wp-json\/wp\/v2\/types\/product"}],"replies":[{"embeddable":true,"href":"https:\/\/casanicolau.com.br\/site\/wp-json\/wp\/v2\/comments?post=2275"}],"wp:featuredmedia":[{"embeddable":true,"href":"https:\/\/casanicolau.com.br\/site\/wp-json\/wp\/v2\/media\/2470"}],"wp:attachment":[{"href":"https:\/\/casanicolau.com.br\/site\/wp-json\/wp\/v2\/media?parent=2275"}],"wp:term":[{"taxonomy":"product_brand","embeddable":true,"href":"https:\/\/casanicolau.com.br\/site\/wp-json\/wp\/v2\/product_brand?post=2275"},{"taxonomy":"product_cat","embeddable":true,"href":"https:\/\/casanicolau.com.br\/site\/wp-json\/wp\/v2\/product_cat?post=2275"},{"taxonomy":"product_tag","embeddable":true,"href":"https:\/\/casanicolau.com.br\/site\/wp-json\/wp\/v2\/product_tag?post=2275"}],"curies":[{"name":"wp","href":"https:\/\/api.w.org\/{rel}","templated":true}]}}