{"id":2281,"date":"2019-09-18T20:12:51","date_gmt":"2019-09-18T23:12:51","guid":{"rendered":"http:\/\/taskinfo.com.br\/nicolau2\/?post_type=product&#038;p=2281"},"modified":"2019-09-29T17:46:53","modified_gmt":"2019-09-29T20:46:53","slug":"aroma-compact-se-200","status":"publish","type":"product","link":"https:\/\/casanicolau.com.br\/site\/product\/aroma-compact-se-200\/","title":{"rendered":"Aroma Compact Se 200"},"content":{"rendered":"<p>\u2022 Aquecimento de X\u00edcaras<br \/>\n\u2022 Necessita de fornecimento de \u00e1gua atrav\u00e9s de Rede H\u00eddrica<br \/>\n\u2022 Pr\u00e9 infus\u00e3o Eletr\u00f4nica<br \/>\n\u2022 02 Tubos de vapor<br \/>\n\u2022 Caldeira de 4,9 Litros<br \/>\n\u2022 Produ\u00e7\u00e3o de 300 Caf\u00e9s\/Hora<br \/>\n\u2022 Produ\u00e7\u00e3o de 120 \u00c1gua\/Horas<br \/>\n\u2022 Dimens\u00f5es (L x A x P): 570 x 530 x 540<br \/>\n\u2022 Peso: 43 Kg<br \/>\n\u2022 Alimenta\u00e7\u00e3o de 220 \u2013 240 Volts.<\/p>\n","protected":false},"excerpt":{"rendered":"<p>\u2022 Aquecimento de X\u00edcaras \u2022 Necessita de fornecimento de \u00e1gua atrav\u00e9s de Rede H\u00eddrica \u2022 Pr\u00e9 infus\u00e3o Eletr\u00f4nica \u2022 02 Tubos de vapor \u2022 Caldeira de 4,9 Litros \u2022 Produ\u00e7\u00e3o de 300 Caf\u00e9s\/Hora \u2022 Produ\u00e7\u00e3o de 120 \u00c1gua\/Horas \u2022 Dimens\u00f5es (L x A x P): 570 x 530 x 540 \u2022 Peso: 43 Kg \u2022 [&hellip;]<\/p>\n","protected":false},"featured_media":2465,"comment_status":"open","ping_status":"closed","template":"","meta":[],"product_brand":[],"product_cat":[156],"product_tag":[168],"class_list":{"0":"post-2281","1":"product","2":"type-product","3":"status-publish","4":"has-post-thumbnail","6":"product_cat-maquinas","7":"product_tag-maquinas","9":"first","10":"instock","11":"shipping-taxable","12":"product-type-simple"},"_links":{"self":[{"href":"https:\/\/casanicolau.com.br\/site\/wp-json\/wp\/v2\/product\/2281","targetHints":{"allow":["GET"]}}],"collection":[{"href":"https:\/\/casanicolau.com.br\/site\/wp-json\/wp\/v2\/product"}],"about":[{"href":"https:\/\/casanicolau.com.br\/site\/wp-json\/wp\/v2\/types\/product"}],"replies":[{"embeddable":true,"href":"https:\/\/casanicolau.com.br\/site\/wp-json\/wp\/v2\/comments?post=2281"}],"wp:featuredmedia":[{"embeddable":true,"href":"https:\/\/casanicolau.com.br\/site\/wp-json\/wp\/v2\/media\/2465"}],"wp:attachment":[{"href":"https:\/\/casanicolau.com.br\/site\/wp-json\/wp\/v2\/media?parent=2281"}],"wp:term":[{"taxonomy":"product_brand","embeddable":true,"href":"https:\/\/casanicolau.com.br\/site\/wp-json\/wp\/v2\/product_brand?post=2281"},{"taxonomy":"product_cat","embeddable":true,"href":"https:\/\/casanicolau.com.br\/site\/wp-json\/wp\/v2\/product_cat?post=2281"},{"taxonomy":"product_tag","embeddable":true,"href":"https:\/\/casanicolau.com.br\/site\/wp-json\/wp\/v2\/product_tag?post=2281"}],"curies":[{"name":"wp","href":"https:\/\/api.w.org\/{rel}","templated":true}]}}