{"id":2285,"date":"2019-09-18T20:15:54","date_gmt":"2019-09-18T23:15:54","guid":{"rendered":"http:\/\/taskinfo.com.br\/nicolau2\/?post_type=product&#038;p=2285"},"modified":"2019-09-29T17:44:24","modified_gmt":"2019-09-29T20:44:24","slug":"bunn","status":"publish","type":"product","link":"https:\/\/casanicolau.com.br\/site\/product\/bunn\/","title":{"rendered":"Bunn"},"content":{"rendered":"<p>N\u00e3o requer conex\u00e3o de \u00e1gua, \u00e9 totalmente port\u00e1til e robusta.<br \/>\nBasta ench\u00ea-la com \u00e1gua fria pela tampa superior e a<br \/>\nprodu\u00e7\u00e3o come\u00e7a automaticamente. Constru\u00edda totalmente<br \/>\nem a\u00e7o inoxid\u00e1vel.<br \/>\n\u2022 Produ\u00e7\u00e3o: 20 l\/h<br \/>\n\u2022 Recipientes de conservar o caf\u00e9 n\u00e3o inclusos<br \/>\n\u2022 48cm H x 21.6cm W x 45.2cm D<\/p>\n","protected":false},"excerpt":{"rendered":"<p>N\u00e3o requer conex\u00e3o de \u00e1gua, \u00e9 totalmente port\u00e1til e robusta. Basta ench\u00ea-la com \u00e1gua fria pela tampa superior e a produ\u00e7\u00e3o come\u00e7a automaticamente. Constru\u00edda totalmente em a\u00e7o inoxid\u00e1vel. \u2022 Produ\u00e7\u00e3o: 20 l\/h \u2022 Recipientes de conservar o caf\u00e9 n\u00e3o inclusos \u2022 48cm H x 21.6cm W x 45.2cm D<\/p>\n","protected":false},"featured_media":2462,"comment_status":"open","ping_status":"closed","template":"","meta":[],"product_brand":[],"product_cat":[156],"product_tag":[168],"class_list":{"0":"post-2285","1":"product","2":"type-product","3":"status-publish","4":"has-post-thumbnail","6":"product_cat-maquinas","7":"product_tag-maquinas","9":"first","10":"instock","11":"shipping-taxable","12":"product-type-simple"},"_links":{"self":[{"href":"https:\/\/casanicolau.com.br\/site\/wp-json\/wp\/v2\/product\/2285","targetHints":{"allow":["GET"]}}],"collection":[{"href":"https:\/\/casanicolau.com.br\/site\/wp-json\/wp\/v2\/product"}],"about":[{"href":"https:\/\/casanicolau.com.br\/site\/wp-json\/wp\/v2\/types\/product"}],"replies":[{"embeddable":true,"href":"https:\/\/casanicolau.com.br\/site\/wp-json\/wp\/v2\/comments?post=2285"}],"wp:featuredmedia":[{"embeddable":true,"href":"https:\/\/casanicolau.com.br\/site\/wp-json\/wp\/v2\/media\/2462"}],"wp:attachment":[{"href":"https:\/\/casanicolau.com.br\/site\/wp-json\/wp\/v2\/media?parent=2285"}],"wp:term":[{"taxonomy":"product_brand","embeddable":true,"href":"https:\/\/casanicolau.com.br\/site\/wp-json\/wp\/v2\/product_brand?post=2285"},{"taxonomy":"product_cat","embeddable":true,"href":"https:\/\/casanicolau.com.br\/site\/wp-json\/wp\/v2\/product_cat?post=2285"},{"taxonomy":"product_tag","embeddable":true,"href":"https:\/\/casanicolau.com.br\/site\/wp-json\/wp\/v2\/product_tag?post=2285"}],"curies":[{"name":"wp","href":"https:\/\/api.w.org\/{rel}","templated":true}]}}