{"id":2295,"date":"2019-09-18T20:23:21","date_gmt":"2019-09-18T23:23:21","guid":{"rendered":"http:\/\/taskinfo.com.br\/nicolau2\/?post_type=product&#038;p=2295"},"modified":"2019-09-27T20:35:47","modified_gmt":"2019-09-27T23:35:47","slug":"royal-gran-crema","status":"publish","type":"product","link":"https:\/\/casanicolau.com.br\/site\/product\/royal-gran-crema\/","title":{"rendered":"Royal Gran Crema"},"content":{"rendered":"<p>Descri\u00e7\u00e3o do produto<\/p>\n<p>A m\u00e1quina de caf\u00e9 Royal Gran Crema da Saeco faz caf\u00e9 e combina\u00e7\u00f5es de bebidas com leite fresco.<\/p>\n<p>A Royal Gran Crema \u00e9 uma m\u00e1quina de caf\u00e9 ideal para uso profissional, indicada para empresas, lojas, lanchonetes e cl\u00ednicas de est\u00e9tica. Atende at\u00e9 40 pessoas.<\/p>\n<p>Abaixo, listamos tudo o que a Royal Gran Crema possui e os benef\u00edcios que ela pode te oferecer.<\/p>\n<p>Para sua comodidade:<\/p>\n<p>A Royal Gran Crema possui display com 5 sele\u00e7\u00f5es diretas, trazendo muito mais praticidade no preparo da sua bebida. Com seu bico de distribui\u00e7\u00e3o do caf\u00e9 duplo, voc\u00ea conseguir\u00e1 tirar at\u00e9 2 caf\u00e9s simultaneamente.<\/p>\n<p>A Gran Crema possui libera\u00e7\u00e3o de copo ajust\u00e1vel, muito \u00fatil para prepara\u00e7\u00e3o de bebidas em copos maiores ou em canecas. Seu tanque de \u00e1gua tem capacidade para at\u00e9 2,2 litros e \u00e9 remov\u00edvel, facilitando sua retirada para reabastecimento. Devido ao indicador de bandeja de gotejamento, voc\u00ea ser\u00e1 informado quando precisar esvaziar a bandeja.<\/p>\n<p>Possui gaveta de borras com capacidade para at\u00e9 20 borras, acima da m\u00e9dia de despejo da maioria das m\u00e1quinas. \u00c9 muito mais praticidade para voc\u00ea!<\/p>\n<p>A Gran Crema possui enx\u00e1gue autom\u00e1tico do circuito de caf\u00e9 e limpeza autom\u00e1tica do circuito de leite, que ajudam na manuten\u00e7\u00e3o e limpeza da sua m\u00e1quina.<\/p>\n<p>Para sua bebida ficar ainda melhor:<\/p>\n<p>Com a Royal Gran Crema, voc\u00ea poder\u00e1 utilizar caf\u00e9 em gr\u00e3os ou mo\u00eddo. Ela possui moedor integrado, pratos moedores e 18 op\u00e7\u00f5es de ajuste, que deixar\u00e3o a moagem do seu caf\u00e9 mais consistente e uniforme, ajudando na obten\u00e7\u00e3o de um expresso com sabor inigual\u00e1vel. Seu funil de gr\u00e3os comporta 350 gramas de gr\u00e3os para que voc\u00ea possa reabastec\u00ea-lo com menos frequ\u00eancia.<\/p>\n<p>A Gran Crema possui cappuccinador \u201cTuono\u201d e batedor de leite integrados. Com isso, seu cappuccino e outras bebidas ficar\u00e3o ainda mais cremosos. O cappuccino ficar\u00e1 pronto com o apertar de um \u00fanico bot\u00e3o.<\/p>\n<p>Com seu tubo de vapor, sa\u00edda de \u00e1gua quente e caldeira dupla, a Gran Crema deixar\u00e1 a sua bebida sempre na temperatura ideal. Seu leite ser\u00e1 preparado e vaporizado ao mesmo tempo, al\u00e9m de voc\u00ea poder preparar ch\u00e1s ou outras bebidas. Para ajudar a manter seu caf\u00e9 ainda mais quentinho, A Gran Crema possui superf\u00edcie aquecida para x\u00edcaras.<\/p>\n<p>Com seu filtro de \u00e1gua integrado, a \u00e1gua utilizada para fazer o seu caf\u00e9 fica ainda mais pura, deixando seu caf\u00e9 mais saboroso, e ajuda a prevenir o ac\u00famulo de calc\u00e1rio. O tanque de \u00e1gua \u00e9 transparente para que voc\u00ea veja facilmente quando precisa reabastec\u00ea-lo.<\/p>\n<p>Para sua economia:<\/p>\n<p>A Royal Gran Crema possui o modo sleep, deixando sua m\u00e1quina inativa ap\u00f3s um determinado per\u00edodo sem uso. Isso lhe garante uma economia de energia.<\/p>\n","protected":false},"excerpt":{"rendered":"<p>Descri\u00e7\u00e3o do produto A m\u00e1quina de caf\u00e9 Royal Gran Crema da Saeco faz caf\u00e9 e combina\u00e7\u00f5es de bebidas com leite fresco. A Royal Gran Crema \u00e9 uma m\u00e1quina de caf\u00e9 ideal para uso profissional, indicada para empresas, lojas, lanchonetes e cl\u00ednicas de est\u00e9tica. Atende at\u00e9 40 pessoas. Abaixo, listamos tudo o que a Royal Gran [&hellip;]<\/p>\n","protected":false},"featured_media":2411,"comment_status":"open","ping_status":"closed","template":"","meta":[],"product_brand":[],"product_cat":[156],"product_tag":[168],"class_list":{"0":"post-2295","1":"product","2":"type-product","3":"status-publish","4":"has-post-thumbnail","6":"product_cat-maquinas","7":"product_tag-maquinas","9":"first","10":"instock","11":"shipping-taxable","12":"product-type-simple"},"_links":{"self":[{"href":"https:\/\/casanicolau.com.br\/site\/wp-json\/wp\/v2\/product\/2295","targetHints":{"allow":["GET"]}}],"collection":[{"href":"https:\/\/casanicolau.com.br\/site\/wp-json\/wp\/v2\/product"}],"about":[{"href":"https:\/\/casanicolau.com.br\/site\/wp-json\/wp\/v2\/types\/product"}],"replies":[{"embeddable":true,"href":"https:\/\/casanicolau.com.br\/site\/wp-json\/wp\/v2\/comments?post=2295"}],"wp:featuredmedia":[{"embeddable":true,"href":"https:\/\/casanicolau.com.br\/site\/wp-json\/wp\/v2\/media\/2411"}],"wp:attachment":[{"href":"https:\/\/casanicolau.com.br\/site\/wp-json\/wp\/v2\/media?parent=2295"}],"wp:term":[{"taxonomy":"product_brand","embeddable":true,"href":"https:\/\/casanicolau.com.br\/site\/wp-json\/wp\/v2\/product_brand?post=2295"},{"taxonomy":"product_cat","embeddable":true,"href":"https:\/\/casanicolau.com.br\/site\/wp-json\/wp\/v2\/product_cat?post=2295"},{"taxonomy":"product_tag","embeddable":true,"href":"https:\/\/casanicolau.com.br\/site\/wp-json\/wp\/v2\/product_tag?post=2295"}],"curies":[{"name":"wp","href":"https:\/\/api.w.org\/{rel}","templated":true}]}}