{"id":2297,"date":"2019-09-18T20:24:57","date_gmt":"2019-09-18T23:24:57","guid":{"rendered":"http:\/\/taskinfo.com.br\/nicolau2\/?post_type=product&#038;p=2297"},"modified":"2019-09-27T20:34:26","modified_gmt":"2019-09-27T23:34:26","slug":"lirika","status":"publish","type":"product","link":"https:\/\/casanicolau.com.br\/site\/product\/lirika\/","title":{"rendered":"Lirika"},"content":{"rendered":"<p>Descri\u00e7\u00e3o do produto<\/p>\n<p>A m\u00e1quina de caf\u00e9 Expresso Autom\u00e1tica Lirika Plus \u2013 SAECO, tem design moderno e atual.<\/p>\n<p>\u00c9 uma m\u00e1quina de caf\u00e9 compacta com grande desempenho, ideal para as empresas e locais de reduzida dimens\u00e3o.<\/p>\n<p>A m\u00e1quina de caf\u00e9 Expresso Autom\u00e1tica Lirika Plus utiliza caf\u00e9 em gr\u00e3os, possui op\u00e7\u00f5es de caf\u00e9 curto ou longo, \u00e1gua quente ou vapor, permitindo preparo de cremosos cappuccinos ou caf\u00e9 com leite.<\/p>\n<p>Possui grupo de caf\u00e9 remov\u00edvel, com ajuste eletr\u00f4nico do caf\u00e9: suave, m\u00e9dio e forte.<\/p>\n<p>Equipada com um visor digital, com mensagens claras. Tem contador de doses inviol\u00e1vel.<\/p>\n<p>Disponibiliza sistema regressivo de contagem de doses independentes.<\/p>\n<p>Tem capacidade para 2,51 litros de \u00e1gua, 500 gramas de caf\u00e9 em gr\u00e3os e recipiente para 15 borras.<\/p>\n<p>Indicada para atender at\u00e9 20 pessoas.<\/p>\n","protected":false},"excerpt":{"rendered":"<p>Descri\u00e7\u00e3o do produto A m\u00e1quina de caf\u00e9 Expresso Autom\u00e1tica Lirika Plus \u2013 SAECO, tem design moderno e atual. \u00c9 uma m\u00e1quina de caf\u00e9 compacta com grande desempenho, ideal para as empresas e locais de reduzida dimens\u00e3o. A m\u00e1quina de caf\u00e9 Expresso Autom\u00e1tica Lirika Plus utiliza caf\u00e9 em gr\u00e3os, possui op\u00e7\u00f5es de caf\u00e9 curto ou longo, [&hellip;]<\/p>\n","protected":false},"featured_media":2410,"comment_status":"open","ping_status":"closed","template":"","meta":[],"product_brand":[],"product_cat":[156],"product_tag":[168],"class_list":{"0":"post-2297","1":"product","2":"type-product","3":"status-publish","4":"has-post-thumbnail","6":"product_cat-maquinas","7":"product_tag-maquinas","9":"first","10":"instock","11":"shipping-taxable","12":"product-type-simple"},"_links":{"self":[{"href":"https:\/\/casanicolau.com.br\/site\/wp-json\/wp\/v2\/product\/2297","targetHints":{"allow":["GET"]}}],"collection":[{"href":"https:\/\/casanicolau.com.br\/site\/wp-json\/wp\/v2\/product"}],"about":[{"href":"https:\/\/casanicolau.com.br\/site\/wp-json\/wp\/v2\/types\/product"}],"replies":[{"embeddable":true,"href":"https:\/\/casanicolau.com.br\/site\/wp-json\/wp\/v2\/comments?post=2297"}],"wp:featuredmedia":[{"embeddable":true,"href":"https:\/\/casanicolau.com.br\/site\/wp-json\/wp\/v2\/media\/2410"}],"wp:attachment":[{"href":"https:\/\/casanicolau.com.br\/site\/wp-json\/wp\/v2\/media?parent=2297"}],"wp:term":[{"taxonomy":"product_brand","embeddable":true,"href":"https:\/\/casanicolau.com.br\/site\/wp-json\/wp\/v2\/product_brand?post=2297"},{"taxonomy":"product_cat","embeddable":true,"href":"https:\/\/casanicolau.com.br\/site\/wp-json\/wp\/v2\/product_cat?post=2297"},{"taxonomy":"product_tag","embeddable":true,"href":"https:\/\/casanicolau.com.br\/site\/wp-json\/wp\/v2\/product_tag?post=2297"}],"curies":[{"name":"wp","href":"https:\/\/api.w.org\/{rel}","templated":true}]}}