{"id":2586,"date":"2019-10-03T13:18:02","date_gmt":"2019-10-03T16:18:02","guid":{"rendered":"http:\/\/taskinfo.com.br\/nicolau2\/?post_type=product&#038;p=2586"},"modified":"2019-10-03T13:24:20","modified_gmt":"2019-10-03T16:24:20","slug":"aulika-office","status":"publish","type":"product","link":"https:\/\/casanicolau.com.br\/site\/product\/aulika-office\/","title":{"rendered":"Aulika Office"},"content":{"rendered":"<p>Aulika \u00e9 a linha de m\u00e1quinas de caf\u00e9 para os mercados OCS e Ho.Re.Ca., que expressa plenamente a<br \/>\nexcelente qualidade da tecnologia Saeco.<\/p>\n<p>Todos os modelos incluem as melhores solu\u00e7\u00f5es profissionais, como a elevada capacidade dos dep\u00f3sitos de<br \/>\n\u00e1gua e caf\u00e9 e a certifica\u00e7\u00e3o profissional; tudo isso garante o melhor rendimento e a maior efic\u00e1cia,<br \/>\nextremamente importante para os locais com elevado consumo di\u00e1rio. O amplo display gr\u00e1fico, desenhado<br \/>\npara gerir icones e textos em diferentes linguas, e o interface (equipado com bot\u00f5es de sele\u00e7\u00e3o direta grandes<br \/>\ne f\u00e1ceis de entender) tornam possivel usar e programar a m\u00e1quina f\u00e1cilmente; as opera\u00e7\u00f5es de limpeza e<br \/>\nmanut\u00ean\u00e7\u00e3o, tamb\u00e9m s\u00e3o simples j\u00e1 que todas as partes que requerem cuidados regulares s\u00e3o extra\u00edveis.<br \/>\nAulika Office dispensa caf\u00e9 e \u00e1gua quente. Al\u00e9m disso inclu\u00ed a base com capacidade extra para a recolha de<br \/>\nborras.<\/p>\n<p>Aulika \u00e9 a gama Saeco dirigida aos mais exigentes profissionais do caf\u00e9 fora de casa.<br \/>\nDimens\u00f5es (largura x altura x profundidade) &#8211; 334 x 574 x 452 mm<br \/>\nPeso &#8211; 23 kg<br \/>\nC\u00f4r black<\/p>\n<p>Base para acess\u00f3rios com capacidade extra para borras &#8211; metal\/ABS black<br \/>\nAlimenta\u00e7\u00e3o el\u00e9ctrica &#8211; 230 V\/60 Hz<br \/>\nPot\u00eancia &#8211; 1300 W<br \/>\nCapacidade contentor caf\u00e9 em gr\u00e3o &#8211; 1 kg<br \/>\nCapacidade dep\u00f3sito de \u00e1gua &#8211; 4 litros, extra\u00edvel<br \/>\nCapacidade contentor de borras &#8211; 40<br \/>\nDisplay gr\u00e1fico com icones e mensagens de texto &#8211; Sim<br \/>\nHomologa\u00e7\u00e3o segundo normativa profissional 60335-2-75 &#8211; Sim<br \/>\nCompatibilidade com sistemas de pagamento &#8211; Sim<\/p>\n<p>1 Kg caf\u00e9 em gr\u00e3o<br \/>\n4 l \u00e1gua<br \/>\n40 borras de caf\u00e9<br \/>\n1 litro bandeja pingos<br \/>\n2 xicaras de caf\u00e9 em simult\u00e2neo<br \/>\nLan\u00e7a de \u00e1gua quente<br \/>\nBase para acess\u00f3rios com capacidade extra para borras<br \/>\nCompatibilidade com sistemas de pagamento<br \/>\nChaves para bloqueio de acesso<br \/>\nM\u00f3s c\u00f3nicas de a\u00e7o<\/p>\n","protected":false},"excerpt":{"rendered":"<p>Aulika \u00e9 a linha de m\u00e1quinas de caf\u00e9 para os mercados OCS e Ho.Re.Ca., que expressa plenamente a excelente qualidade da tecnologia Saeco. Todos os modelos incluem as melhores solu\u00e7\u00f5es profissionais, como a elevada capacidade dos dep\u00f3sitos de \u00e1gua e caf\u00e9 e a certifica\u00e7\u00e3o profissional; tudo isso garante o melhor rendimento e a maior efic\u00e1cia, [&hellip;]<\/p>\n","protected":false},"featured_media":2590,"comment_status":"open","ping_status":"closed","template":"","meta":[],"product_brand":[],"product_cat":[156],"product_tag":[],"class_list":{"0":"post-2586","1":"product","2":"type-product","3":"status-publish","4":"has-post-thumbnail","6":"product_cat-maquinas","8":"first","9":"instock","10":"shipping-taxable","11":"product-type-simple"},"_links":{"self":[{"href":"https:\/\/casanicolau.com.br\/site\/wp-json\/wp\/v2\/product\/2586","targetHints":{"allow":["GET"]}}],"collection":[{"href":"https:\/\/casanicolau.com.br\/site\/wp-json\/wp\/v2\/product"}],"about":[{"href":"https:\/\/casanicolau.com.br\/site\/wp-json\/wp\/v2\/types\/product"}],"replies":[{"embeddable":true,"href":"https:\/\/casanicolau.com.br\/site\/wp-json\/wp\/v2\/comments?post=2586"}],"wp:featuredmedia":[{"embeddable":true,"href":"https:\/\/casanicolau.com.br\/site\/wp-json\/wp\/v2\/media\/2590"}],"wp:attachment":[{"href":"https:\/\/casanicolau.com.br\/site\/wp-json\/wp\/v2\/media?parent=2586"}],"wp:term":[{"taxonomy":"product_brand","embeddable":true,"href":"https:\/\/casanicolau.com.br\/site\/wp-json\/wp\/v2\/product_brand?post=2586"},{"taxonomy":"product_cat","embeddable":true,"href":"https:\/\/casanicolau.com.br\/site\/wp-json\/wp\/v2\/product_cat?post=2586"},{"taxonomy":"product_tag","embeddable":true,"href":"https:\/\/casanicolau.com.br\/site\/wp-json\/wp\/v2\/product_tag?post=2586"}],"curies":[{"name":"wp","href":"https:\/\/api.w.org\/{rel}","templated":true}]}}