{"id":2588,"date":"2019-10-03T13:22:47","date_gmt":"2019-10-03T16:22:47","guid":{"rendered":"http:\/\/taskinfo.com.br\/nicolau2\/?post_type=product&#038;p=2588"},"modified":"2019-10-03T13:22:48","modified_gmt":"2019-10-03T16:22:48","slug":"iper-automatica-saeco","status":"publish","type":"product","link":"https:\/\/casanicolau.com.br\/site\/product\/iper-automatica-saeco\/","title":{"rendered":"Iper Autom\u00e1tica SAECO"},"content":{"rendered":"<p>Dados t\u00e9cnicos.<br \/>\nDimens\u00f5es (w x h x d) &#8211; 346 x 547 x 542 mm<br \/>\nP\u00easo \u2013 31,5 kg<br \/>\nVoltagem &#8211; 220V\/60 Hz<br \/>\nPot\u00eancia &#8211; 1550 W<br \/>\nCaldeira de 300 cc \u2013 1400 W<br \/>\nAlimenta\u00e7\u00e3o de \u00e0gua reservat\u00f3rio, com chave \u2013 4 l<br \/>\nErrogador para &#8211; 7 g Mixer &#8211; 1<br \/>\nContenedor de caf\u00e9 &#8211; 1 (1Kg)<br \/>\nContenedores de sol\u00faveis &#8211; 2 (1 kg) Numero de sele\u00e7\u00f5es &#8211; 8<br \/>\nCapacidade gaveta de borras &#8211; 25<br \/>\nCapacidade da bandeja \u2013 1l<br \/>\nDisplay monocrom\u00e1tico<br \/>\nPainel frontal de opera\u00e7\u00e3o e programa\u00e7\u00e3o<\/p>\n<p>Saeco criou o elo de liga\u00e7\u00e3o entre OCS e venda autom\u00e1tica \u00e9 o novo IperAutomatica<br \/>\ntable top, um modelo de \u00faltima gera\u00e7\u00e3o, que estreou no Venditalia 2016.<br \/>\nO IperAutomatica \u00e9 um produto muito interessante, como a sua grande versatilidade<br \/>\nfaz com que seja ideal tanto para Ho.Re.Ca. e aplica\u00e7\u00f5es OCS, a um pre\u00e7o competitivo.<br \/>\nIperAutomatica tem o novo cora\u00e7\u00e3o do design gr\u00e1fico de caf\u00e9 que caracteriza toda a<br \/>\nfaixa de Vending da Saeco, com componentes profissionais (unidade de infus\u00e3o,<br \/>\nmoedor de caf\u00e9, caldeira) que oferecem uma solu\u00e7\u00e3o inovadora e vers\u00e1til para<br \/>\npequenas empresas, escrit\u00f3rios e Ho.Re.Ca., que fornecer at\u00e9 8 bebidas diferentes e \u00e9<br \/>\nideal para as faixas de consumo de 30-50 produtos por dia. Com uma altura de 550<br \/>\nmil\u00edmetros, ele \u00e9 perfeito para ambiente gourmet e o tanque de \u00e1gua pode ser<br \/>\nremovido a partir de tr\u00eas dire\u00e7\u00f5es diferentes: a partir de cima, a partir da esquerda e<br \/>\nda direita. \u00c9 f\u00e1cil de utilizar e de manuten\u00e7\u00e3o tamb\u00e9m \u00e9 muito r\u00e1pida, gra\u00e7as aos<br \/>\nelementos internos modulares.<\/p>\n","protected":false},"excerpt":{"rendered":"<p>Dados t\u00e9cnicos. Dimens\u00f5es (w x h x d) &#8211; 346 x 547 x 542 mm P\u00easo \u2013 31,5 kg Voltagem &#8211; 220V\/60 Hz Pot\u00eancia &#8211; 1550 W Caldeira de 300 cc \u2013 1400 W Alimenta\u00e7\u00e3o de \u00e0gua reservat\u00f3rio, com chave \u2013 4 l Errogador para &#8211; 7 g Mixer &#8211; 1 Contenedor de caf\u00e9 &#8211; [&hellip;]<\/p>\n","protected":false},"featured_media":2589,"comment_status":"open","ping_status":"closed","template":"","meta":[],"product_brand":[],"product_cat":[156],"product_tag":[],"class_list":{"0":"post-2588","1":"product","2":"type-product","3":"status-publish","4":"has-post-thumbnail","6":"product_cat-maquinas","8":"first","9":"instock","10":"shipping-taxable","11":"product-type-simple"},"_links":{"self":[{"href":"https:\/\/casanicolau.com.br\/site\/wp-json\/wp\/v2\/product\/2588","targetHints":{"allow":["GET"]}}],"collection":[{"href":"https:\/\/casanicolau.com.br\/site\/wp-json\/wp\/v2\/product"}],"about":[{"href":"https:\/\/casanicolau.com.br\/site\/wp-json\/wp\/v2\/types\/product"}],"replies":[{"embeddable":true,"href":"https:\/\/casanicolau.com.br\/site\/wp-json\/wp\/v2\/comments?post=2588"}],"wp:featuredmedia":[{"embeddable":true,"href":"https:\/\/casanicolau.com.br\/site\/wp-json\/wp\/v2\/media\/2589"}],"wp:attachment":[{"href":"https:\/\/casanicolau.com.br\/site\/wp-json\/wp\/v2\/media?parent=2588"}],"wp:term":[{"taxonomy":"product_brand","embeddable":true,"href":"https:\/\/casanicolau.com.br\/site\/wp-json\/wp\/v2\/product_brand?post=2588"},{"taxonomy":"product_cat","embeddable":true,"href":"https:\/\/casanicolau.com.br\/site\/wp-json\/wp\/v2\/product_cat?post=2588"},{"taxonomy":"product_tag","embeddable":true,"href":"https:\/\/casanicolau.com.br\/site\/wp-json\/wp\/v2\/product_tag?post=2588"}],"curies":[{"name":"wp","href":"https:\/\/api.w.org\/{rel}","templated":true}]}}