{"id":2593,"date":"2019-10-03T13:35:34","date_gmt":"2019-10-03T16:35:34","guid":{"rendered":"http:\/\/taskinfo.com.br\/nicolau2\/?post_type=product&#038;p=2593"},"modified":"2019-10-03T13:39:22","modified_gmt":"2019-10-03T16:39:22","slug":"phedra-evo","status":"publish","type":"product","link":"https:\/\/casanicolau.com.br\/site\/product\/phedra-evo\/","title":{"rendered":"Phedra Evo"},"content":{"rendered":"<p>Dados t\u00e9cnicos<\/p>\n<p>Tens\u00e3o 220 V \/ 60Hz<br \/>\nPot\u00eancia 1.650 W.<br \/>\nMaterial estrutural de chapas met\u00e1lica e ABS.<br \/>\nDimens\u00f5es ( C x A x P ) mm 393 x 695 x 508. Peso 36,5 Kg.<br \/>\nContenedores de sol\u00faveis &#8211; 3 (0,65\/1,75\/1,50)Kg<\/p>\n<p><strong>Gostos mudam, mas o prazer de um bom caf\u00e9 permanece inalterado.<\/strong><\/p>\n<p>\u00c9 por isso que Phedra Evo \u00e9 renovada mantendo-se refer\u00eancia para aqueles que querem um coffee-break de qualidade, mesmo fora de casa. Saeco sempre produziu solu\u00e7\u00f5es customizadas para cada necessidade, em que a inova\u00e7\u00e3o tecnol\u00f3gica est\u00e1 a servi\u00e7o de um prazer exclusivo.<\/p>\n<p><strong>Alquimia perfeita que a Phedra Evo espresso confirma plenamente.<\/strong><\/p>\n<p>As novas solu\u00e7\u00f5es de design s\u00e3o projetados para facilitar a utiliza\u00e7\u00e3o e ser capaz de escolher entre 7 tipos de bebidas ou \u00e1gua quente para seu ch\u00e1. Phedra Evo para aqueles que querem experimentar uma pausa relaxante, em todos os lugares.<\/p>\n","protected":false},"excerpt":{"rendered":"<p>Dados t\u00e9cnicos Tens\u00e3o 220 V \/ 60Hz Pot\u00eancia 1.650 W. Material estrutural de chapas met\u00e1lica e ABS. Dimens\u00f5es ( C x A x P ) mm 393 x 695 x 508. Peso 36,5 Kg. Contenedores de sol\u00faveis &#8211; 3 (0,65\/1,75\/1,50)Kg Gostos mudam, mas o prazer de um bom caf\u00e9 permanece inalterado. \u00c9 por isso que [&hellip;]<\/p>\n","protected":false},"featured_media":2594,"comment_status":"open","ping_status":"closed","template":"","meta":[],"product_brand":[],"product_cat":[156],"product_tag":[],"class_list":{"0":"post-2593","1":"product","2":"type-product","3":"status-publish","4":"has-post-thumbnail","6":"product_cat-maquinas","8":"first","9":"instock","10":"shipping-taxable","11":"product-type-simple"},"_links":{"self":[{"href":"https:\/\/casanicolau.com.br\/site\/wp-json\/wp\/v2\/product\/2593","targetHints":{"allow":["GET"]}}],"collection":[{"href":"https:\/\/casanicolau.com.br\/site\/wp-json\/wp\/v2\/product"}],"about":[{"href":"https:\/\/casanicolau.com.br\/site\/wp-json\/wp\/v2\/types\/product"}],"replies":[{"embeddable":true,"href":"https:\/\/casanicolau.com.br\/site\/wp-json\/wp\/v2\/comments?post=2593"}],"wp:featuredmedia":[{"embeddable":true,"href":"https:\/\/casanicolau.com.br\/site\/wp-json\/wp\/v2\/media\/2594"}],"wp:attachment":[{"href":"https:\/\/casanicolau.com.br\/site\/wp-json\/wp\/v2\/media?parent=2593"}],"wp:term":[{"taxonomy":"product_brand","embeddable":true,"href":"https:\/\/casanicolau.com.br\/site\/wp-json\/wp\/v2\/product_brand?post=2593"},{"taxonomy":"product_cat","embeddable":true,"href":"https:\/\/casanicolau.com.br\/site\/wp-json\/wp\/v2\/product_cat?post=2593"},{"taxonomy":"product_tag","embeddable":true,"href":"https:\/\/casanicolau.com.br\/site\/wp-json\/wp\/v2\/product_tag?post=2593"}],"curies":[{"name":"wp","href":"https:\/\/api.w.org\/{rel}","templated":true}]}}