{"id":2613,"date":"2019-10-08T19:43:27","date_gmt":"2019-10-08T22:43:27","guid":{"rendered":"http:\/\/taskinfo.com.br\/nicolau2\/?post_type=product&#038;p=2613"},"modified":"2019-10-08T19:49:09","modified_gmt":"2019-10-08T22:49:09","slug":"necta-samba","status":"publish","type":"product","link":"https:\/\/casanicolau.com.br\/site\/product\/necta-samba\/","title":{"rendered":"Necta Samba"},"content":{"rendered":"<p><strong>Especifica\u00e7\u00f5es T\u00e9cnicas<\/strong><br \/>\nMaquina combinada 2 em 1<br \/>\nSnacks (salgados e Doces)<br \/>\nBebidas frias (Latas, pet, tetrapack e etc.)<\/p>\n<p><strong>Capacidades<\/strong><br \/>\nSnacks e bebidas frias atem 450 produtos<br \/>\nCapacidade para 56 sele\u00e7\u00f5es e 7 bandejas<br \/>\n230 volts \/ 680 watts<br \/>\nPeso 280 kg<\/p>\n<p><strong>Dimens\u00f5es<\/strong><br \/>\nAltura 1,83<br \/>\nProfundidade 0,90<br \/>\nLargura 0,80<\/p>\n<p><strong>Temperatura<\/strong><br \/>\nSnacks entre 8\u00b0 e 14\u00b0 C;<br \/>\nLanches entre 0\u00b0 e 4\u00b0C;<br \/>\nLatas e garrafas entre 5\u00b0 e 8\u00b0 C<\/p>\n","protected":false},"excerpt":{"rendered":"<p>Com a sua ampla sele\u00e7\u00e3o de produtos a Samba oferece uma experi\u00eancia de vending flex\u00edvel para todos os gostos e necessidades, ajustando-se \u00e0s necessidades do cliente. Elegante e contempor\u00e2nea, com um vidro frontal LED iluminado e pain\u00e9is laterais de alum\u00ednio, a Samba fica bem em qualquer ambiente. Possui um elevador softvend permite a entrega de produtos pesados \u00e2\u00e2e fr\u00e1geis de todas as prateleiras.<\/p>\n","protected":false},"featured_media":2614,"comment_status":"open","ping_status":"closed","template":"","meta":[],"product_brand":[],"product_cat":[156],"product_tag":[],"class_list":{"0":"post-2613","1":"product","2":"type-product","3":"status-publish","4":"has-post-thumbnail","6":"product_cat-maquinas","8":"first","9":"instock","10":"shipping-taxable","11":"product-type-simple"},"_links":{"self":[{"href":"https:\/\/casanicolau.com.br\/site\/wp-json\/wp\/v2\/product\/2613","targetHints":{"allow":["GET"]}}],"collection":[{"href":"https:\/\/casanicolau.com.br\/site\/wp-json\/wp\/v2\/product"}],"about":[{"href":"https:\/\/casanicolau.com.br\/site\/wp-json\/wp\/v2\/types\/product"}],"replies":[{"embeddable":true,"href":"https:\/\/casanicolau.com.br\/site\/wp-json\/wp\/v2\/comments?post=2613"}],"wp:featuredmedia":[{"embeddable":true,"href":"https:\/\/casanicolau.com.br\/site\/wp-json\/wp\/v2\/media\/2614"}],"wp:attachment":[{"href":"https:\/\/casanicolau.com.br\/site\/wp-json\/wp\/v2\/media?parent=2613"}],"wp:term":[{"taxonomy":"product_brand","embeddable":true,"href":"https:\/\/casanicolau.com.br\/site\/wp-json\/wp\/v2\/product_brand?post=2613"},{"taxonomy":"product_cat","embeddable":true,"href":"https:\/\/casanicolau.com.br\/site\/wp-json\/wp\/v2\/product_cat?post=2613"},{"taxonomy":"product_tag","embeddable":true,"href":"https:\/\/casanicolau.com.br\/site\/wp-json\/wp\/v2\/product_tag?post=2613"}],"curies":[{"name":"wp","href":"https:\/\/api.w.org\/{rel}","templated":true}]}}