{"id":2702,"date":"2020-02-06T01:05:48","date_gmt":"2020-02-06T04:05:48","guid":{"rendered":"https:\/\/casanicolau.com.br\/?post_type=product&#038;p=2702"},"modified":"2020-02-06T01:05:48","modified_gmt":"2020-02-06T04:05:48","slug":"espresso-supremo","status":"publish","type":"product","link":"https:\/\/casanicolau.com.br\/site\/product\/espresso-supremo\/","title":{"rendered":"ESPRESSO SUPREMO"},"content":{"rendered":"<p>Blend elaborado com caf\u00e9s ar\u00e1bica, cultivados em lavouras localizadas ao norte do estado de S\u00e3o Paulo, regi\u00e3o privilegiada com uma altitude m\u00e9dia de 900 metros.<br \/>\nO espresso Supremo TRES\u00ae \u00c9 uma bebida adocicada, de baixa acidez c\u00edtrica e de intenso sabor com notas de am\u00eandoas, nozes, cacau e frutas secas.<br \/>\n*Para uso exclusivo na solu\u00e7\u00e3o TRES\u00ae<\/p>\n","protected":false},"excerpt":{"rendered":"<p>Blend elaborado com caf\u00e9s ar\u00e1bica, cultivados em lavouras localizadas ao norte do estado de S\u00e3o Paulo, regi\u00e3o privilegiada com uma altitude m\u00e9dia de 900 metros. O espresso Supremo TRES\u00ae \u00c9 uma bebida adocicada, de baixa acidez c\u00edtrica e de intenso sabor com notas de am\u00eandoas, nozes, cacau e frutas secas. *Para uso exclusivo na solu\u00e7\u00e3o [&hellip;]<\/p>\n","protected":false},"featured_media":2703,"comment_status":"open","ping_status":"closed","template":"","meta":[],"product_brand":[],"product_cat":[144,170],"product_tag":[],"class_list":{"0":"post-2702","1":"product","2":"type-product","3":"status-publish","4":"has-post-thumbnail","6":"product_cat-capsulas","7":"product_cat-produtos","9":"first","10":"instock","11":"shipping-taxable","12":"product-type-simple"},"_links":{"self":[{"href":"https:\/\/casanicolau.com.br\/site\/wp-json\/wp\/v2\/product\/2702","targetHints":{"allow":["GET"]}}],"collection":[{"href":"https:\/\/casanicolau.com.br\/site\/wp-json\/wp\/v2\/product"}],"about":[{"href":"https:\/\/casanicolau.com.br\/site\/wp-json\/wp\/v2\/types\/product"}],"replies":[{"embeddable":true,"href":"https:\/\/casanicolau.com.br\/site\/wp-json\/wp\/v2\/comments?post=2702"}],"wp:featuredmedia":[{"embeddable":true,"href":"https:\/\/casanicolau.com.br\/site\/wp-json\/wp\/v2\/media\/2703"}],"wp:attachment":[{"href":"https:\/\/casanicolau.com.br\/site\/wp-json\/wp\/v2\/media?parent=2702"}],"wp:term":[{"taxonomy":"product_brand","embeddable":true,"href":"https:\/\/casanicolau.com.br\/site\/wp-json\/wp\/v2\/product_brand?post=2702"},{"taxonomy":"product_cat","embeddable":true,"href":"https:\/\/casanicolau.com.br\/site\/wp-json\/wp\/v2\/product_cat?post=2702"},{"taxonomy":"product_tag","embeddable":true,"href":"https:\/\/casanicolau.com.br\/site\/wp-json\/wp\/v2\/product_tag?post=2702"}],"curies":[{"name":"wp","href":"https:\/\/api.w.org\/{rel}","templated":true}]}}