{"id":2711,"date":"2020-02-06T01:13:16","date_gmt":"2020-02-06T04:13:16","guid":{"rendered":"https:\/\/casanicolau.com.br\/?post_type=product&#038;p=2711"},"modified":"2020-02-06T01:14:12","modified_gmt":"2020-02-06T04:14:12","slug":"espresso-pleno","status":"publish","type":"product","link":"https:\/\/casanicolau.com.br\/site\/product\/espresso-pleno\/","title":{"rendered":"ESPRESSO PLENO"},"content":{"rendered":"<p>Combina\u00e7\u00e3o de caf\u00e9s ar\u00e1bica do Cerrado Mineiro e do Sul de Minas Gerais, com a produ\u00e7\u00e3o predominante das variedades Mundo Novo e Catua\u00ed.<br \/>\nCultivado em altitudes entre 850 e 1.100 m, este blend revela a identidade do caf\u00e9 brasileiro, com notas adocicadas e acidez m\u00e9dia combinadas com um leve sabor frutado.<\/p>\n<p>*Para uso exclusivo na solu\u00e7\u00e3o TRES\u00ae<\/p>\n","protected":false},"excerpt":{"rendered":"<p>Combina\u00e7\u00e3o de caf\u00e9s ar\u00e1bica do Cerrado Mineiro e do Sul de Minas Gerais, com a produ\u00e7\u00e3o predominante das variedades Mundo Novo e Catua\u00ed. Cultivado em altitudes entre 850 e 1.100 m, este blend revela a identidade do caf\u00e9 brasileiro, com notas adocicadas e acidez m\u00e9dia combinadas com um leve sabor frutado. *Para uso exclusivo na [&hellip;]<\/p>\n","protected":false},"featured_media":2712,"comment_status":"open","ping_status":"closed","template":"","meta":[],"product_brand":[],"product_cat":[144,170],"product_tag":[],"class_list":{"0":"post-2711","1":"product","2":"type-product","3":"status-publish","4":"has-post-thumbnail","6":"product_cat-capsulas","7":"product_cat-produtos","9":"first","10":"instock","11":"shipping-taxable","12":"product-type-simple"},"_links":{"self":[{"href":"https:\/\/casanicolau.com.br\/site\/wp-json\/wp\/v2\/product\/2711","targetHints":{"allow":["GET"]}}],"collection":[{"href":"https:\/\/casanicolau.com.br\/site\/wp-json\/wp\/v2\/product"}],"about":[{"href":"https:\/\/casanicolau.com.br\/site\/wp-json\/wp\/v2\/types\/product"}],"replies":[{"embeddable":true,"href":"https:\/\/casanicolau.com.br\/site\/wp-json\/wp\/v2\/comments?post=2711"}],"wp:featuredmedia":[{"embeddable":true,"href":"https:\/\/casanicolau.com.br\/site\/wp-json\/wp\/v2\/media\/2712"}],"wp:attachment":[{"href":"https:\/\/casanicolau.com.br\/site\/wp-json\/wp\/v2\/media?parent=2711"}],"wp:term":[{"taxonomy":"product_brand","embeddable":true,"href":"https:\/\/casanicolau.com.br\/site\/wp-json\/wp\/v2\/product_brand?post=2711"},{"taxonomy":"product_cat","embeddable":true,"href":"https:\/\/casanicolau.com.br\/site\/wp-json\/wp\/v2\/product_cat?post=2711"},{"taxonomy":"product_tag","embeddable":true,"href":"https:\/\/casanicolau.com.br\/site\/wp-json\/wp\/v2\/product_tag?post=2711"}],"curies":[{"name":"wp","href":"https:\/\/api.w.org\/{rel}","templated":true}]}}