{"id":2723,"date":"2020-02-06T01:21:36","date_gmt":"2020-02-06T04:21:36","guid":{"rendered":"https:\/\/casanicolau.com.br\/?post_type=product&#038;p=2723"},"modified":"2020-02-06T01:21:36","modified_gmt":"2020-02-06T04:21:36","slug":"espresso-regioes-do-mundo-colombia","status":"publish","type":"product","link":"https:\/\/casanicolau.com.br\/site\/product\/espresso-regioes-do-mundo-colombia\/","title":{"rendered":"ESPRESSO REGI\u00d5ES DO MUNDO COL\u00d4MBIA"},"content":{"rendered":"<p>Complexo e frutado, \u00e9 um blend do tipo ar\u00e1bica que une as variedades Typica, Caturra e Castillo. Seu sabor intenso e acentuado traz notas adocicadas de chocolate com um toque de acidez. Seus gr\u00e3os s\u00e3o cultivados entre 1.250 e 2.000 metros de altitude na regi\u00e3o de Hu\u00edla, considerada perfeita para o cultivo do caf\u00e9.<\/p>\n<p>*Para uso exclusivo na solu\u00e7\u00e3o TRES\u00ae<\/p>\n","protected":false},"excerpt":{"rendered":"<p>Complexo e frutado, \u00e9 um blend do tipo ar\u00e1bica que une as variedades Typica, Caturra e Castillo. Seu sabor intenso e acentuado traz notas adocicadas de chocolate com um toque de acidez. Seus gr\u00e3os s\u00e3o cultivados entre 1.250 e 2.000 metros de altitude na regi\u00e3o de Hu\u00edla, considerada perfeita para o cultivo do caf\u00e9. *Para [&hellip;]<\/p>\n","protected":false},"featured_media":2724,"comment_status":"open","ping_status":"closed","template":"","meta":[],"product_brand":[],"product_cat":[144,170],"product_tag":[],"class_list":{"0":"post-2723","1":"product","2":"type-product","3":"status-publish","4":"has-post-thumbnail","6":"product_cat-capsulas","7":"product_cat-produtos","9":"first","10":"instock","11":"shipping-taxable","12":"product-type-simple"},"_links":{"self":[{"href":"https:\/\/casanicolau.com.br\/site\/wp-json\/wp\/v2\/product\/2723","targetHints":{"allow":["GET"]}}],"collection":[{"href":"https:\/\/casanicolau.com.br\/site\/wp-json\/wp\/v2\/product"}],"about":[{"href":"https:\/\/casanicolau.com.br\/site\/wp-json\/wp\/v2\/types\/product"}],"replies":[{"embeddable":true,"href":"https:\/\/casanicolau.com.br\/site\/wp-json\/wp\/v2\/comments?post=2723"}],"wp:featuredmedia":[{"embeddable":true,"href":"https:\/\/casanicolau.com.br\/site\/wp-json\/wp\/v2\/media\/2724"}],"wp:attachment":[{"href":"https:\/\/casanicolau.com.br\/site\/wp-json\/wp\/v2\/media?parent=2723"}],"wp:term":[{"taxonomy":"product_brand","embeddable":true,"href":"https:\/\/casanicolau.com.br\/site\/wp-json\/wp\/v2\/product_brand?post=2723"},{"taxonomy":"product_cat","embeddable":true,"href":"https:\/\/casanicolau.com.br\/site\/wp-json\/wp\/v2\/product_cat?post=2723"},{"taxonomy":"product_tag","embeddable":true,"href":"https:\/\/casanicolau.com.br\/site\/wp-json\/wp\/v2\/product_tag?post=2723"}],"curies":[{"name":"wp","href":"https:\/\/api.w.org\/{rel}","templated":true}]}}