{"id":2726,"date":"2020-02-06T01:23:15","date_gmt":"2020-02-06T04:23:15","guid":{"rendered":"https:\/\/casanicolau.com.br\/?post_type=product&#038;p=2726"},"modified":"2020-02-06T01:23:15","modified_gmt":"2020-02-06T04:23:15","slug":"espresso-regioes-do-mundo-tanzania","status":"publish","type":"product","link":"https:\/\/casanicolau.com.br\/site\/product\/espresso-regioes-do-mundo-tanzania\/","title":{"rendered":"ESPRESSO REGI\u00d5ES DO MUNDO TANZ\u00c2NIA"},"content":{"rendered":"<p>Este caf\u00e9 \u00fanico e saboroso foi produzido no extremo sul da Tanz\u00e2nia, na cidade de Songea, localizada na regi\u00e3o de RUVUMA, onde se produz caf\u00e9s complexos de alta qualidade. O Espresso Tanz\u00e2nia TRES\u00ae \u00e9 um caf\u00e9 encorpado, com notas de frutas vermelhas e chocolate, apresenta acidez m\u00e9dia.<\/p>\n","protected":false},"excerpt":{"rendered":"<p>Este caf\u00e9 \u00fanico e saboroso foi produzido no extremo sul da Tanz\u00e2nia, na cidade de Songea, localizada na regi\u00e3o de RUVUMA, onde se produz caf\u00e9s complexos de alta qualidade. O Espresso Tanz\u00e2nia TRES\u00ae \u00e9 um caf\u00e9 encorpado, com notas de frutas vermelhas e chocolate, apresenta acidez m\u00e9dia.<\/p>\n","protected":false},"featured_media":2728,"comment_status":"open","ping_status":"closed","template":"","meta":[],"product_brand":[],"product_cat":[144,170],"product_tag":[],"class_list":{"0":"post-2726","1":"product","2":"type-product","3":"status-publish","4":"has-post-thumbnail","6":"product_cat-capsulas","7":"product_cat-produtos","9":"first","10":"instock","11":"shipping-taxable","12":"product-type-simple"},"_links":{"self":[{"href":"https:\/\/casanicolau.com.br\/site\/wp-json\/wp\/v2\/product\/2726","targetHints":{"allow":["GET"]}}],"collection":[{"href":"https:\/\/casanicolau.com.br\/site\/wp-json\/wp\/v2\/product"}],"about":[{"href":"https:\/\/casanicolau.com.br\/site\/wp-json\/wp\/v2\/types\/product"}],"replies":[{"embeddable":true,"href":"https:\/\/casanicolau.com.br\/site\/wp-json\/wp\/v2\/comments?post=2726"}],"wp:featuredmedia":[{"embeddable":true,"href":"https:\/\/casanicolau.com.br\/site\/wp-json\/wp\/v2\/media\/2728"}],"wp:attachment":[{"href":"https:\/\/casanicolau.com.br\/site\/wp-json\/wp\/v2\/media?parent=2726"}],"wp:term":[{"taxonomy":"product_brand","embeddable":true,"href":"https:\/\/casanicolau.com.br\/site\/wp-json\/wp\/v2\/product_brand?post=2726"},{"taxonomy":"product_cat","embeddable":true,"href":"https:\/\/casanicolau.com.br\/site\/wp-json\/wp\/v2\/product_cat?post=2726"},{"taxonomy":"product_tag","embeddable":true,"href":"https:\/\/casanicolau.com.br\/site\/wp-json\/wp\/v2\/product_tag?post=2726"}],"curies":[{"name":"wp","href":"https:\/\/api.w.org\/{rel}","templated":true}]}}