{"id":2729,"date":"2020-02-06T01:24:34","date_gmt":"2020-02-06T04:24:34","guid":{"rendered":"https:\/\/casanicolau.com.br\/?post_type=product&#038;p=2729"},"modified":"2020-02-06T01:24:34","modified_gmt":"2020-02-06T04:24:34","slug":"espresso-regioes-do-mundo-sumatra","status":"publish","type":"product","link":"https:\/\/casanicolau.com.br\/site\/product\/espresso-regioes-do-mundo-sumatra\/","title":{"rendered":"ESPRESSO REGI\u00d5ES DO MUNDO SUMATRA"},"content":{"rendered":"<p>Nossos especialistas em caf\u00e9 encontraram em Lintong Batak um caf\u00e9 de personalidade marcante, com caracter\u00edsticas \u00fanicas. Localizada ao norte da Ilha de Sumatra, pr\u00f3xima ao lago Toba, seu nome combina a regi\u00e3o Lintong com as pessoas que vivem ali, conhecidas como Batak. O Espresso Sumatra TRES\u00ae \u00e9 um caf\u00e9 de aroma adocicado, com notas amadeiradas e de especiarias levemente picantes, apresenta baixa acidez e corpo m\u00e9dio.<\/p>\n","protected":false},"excerpt":{"rendered":"<p>Nossos especialistas em caf\u00e9 encontraram em Lintong Batak um caf\u00e9 de personalidade marcante, com caracter\u00edsticas \u00fanicas. Localizada ao norte da Ilha de Sumatra, pr\u00f3xima ao lago Toba, seu nome combina a regi\u00e3o Lintong com as pessoas que vivem ali, conhecidas como Batak. O Espresso Sumatra TRES\u00ae \u00e9 um caf\u00e9 de aroma adocicado, com notas amadeiradas [&hellip;]<\/p>\n","protected":false},"featured_media":2731,"comment_status":"open","ping_status":"closed","template":"","meta":[],"product_brand":[],"product_cat":[144,170],"product_tag":[],"class_list":{"0":"post-2729","1":"product","2":"type-product","3":"status-publish","4":"has-post-thumbnail","6":"product_cat-capsulas","7":"product_cat-produtos","9":"first","10":"instock","11":"shipping-taxable","12":"product-type-simple"},"_links":{"self":[{"href":"https:\/\/casanicolau.com.br\/site\/wp-json\/wp\/v2\/product\/2729","targetHints":{"allow":["GET"]}}],"collection":[{"href":"https:\/\/casanicolau.com.br\/site\/wp-json\/wp\/v2\/product"}],"about":[{"href":"https:\/\/casanicolau.com.br\/site\/wp-json\/wp\/v2\/types\/product"}],"replies":[{"embeddable":true,"href":"https:\/\/casanicolau.com.br\/site\/wp-json\/wp\/v2\/comments?post=2729"}],"wp:featuredmedia":[{"embeddable":true,"href":"https:\/\/casanicolau.com.br\/site\/wp-json\/wp\/v2\/media\/2731"}],"wp:attachment":[{"href":"https:\/\/casanicolau.com.br\/site\/wp-json\/wp\/v2\/media?parent=2729"}],"wp:term":[{"taxonomy":"product_brand","embeddable":true,"href":"https:\/\/casanicolau.com.br\/site\/wp-json\/wp\/v2\/product_brand?post=2729"},{"taxonomy":"product_cat","embeddable":true,"href":"https:\/\/casanicolau.com.br\/site\/wp-json\/wp\/v2\/product_cat?post=2729"},{"taxonomy":"product_tag","embeddable":true,"href":"https:\/\/casanicolau.com.br\/site\/wp-json\/wp\/v2\/product_tag?post=2729"}],"curies":[{"name":"wp","href":"https:\/\/api.w.org\/{rel}","templated":true}]}}