{"id":2757,"date":"2020-02-06T01:39:06","date_gmt":"2020-02-06T04:39:06","guid":{"rendered":"https:\/\/casanicolau.com.br\/?post_type=product&#038;p=2757"},"modified":"2020-02-06T01:39:07","modified_gmt":"2020-02-06T04:39:07","slug":"espresso-rituais-sul-de-minas","status":"publish","type":"product","link":"https:\/\/casanicolau.com.br\/site\/product\/espresso-rituais-sul-de-minas\/","title":{"rendered":"ESPRESSO RITUAIS SUL DE MINAS"},"content":{"rendered":"<p>Blend com aroma levemente frutado e um sabor levemente \u00e1cido, o toque de sofistica\u00e7\u00e3o \u00e9 elaborado por especialistas que atuam na maior regi\u00e3o produtora de caf\u00e9 do mundo.<\/p>\n<p>A produ\u00e7\u00e3o anual do Sul de Minas atinge cerca de 10 milh\u00f5es de sacas de caf\u00e9 e \u00e9 reconhecida como a maior regi\u00e3o produtora de caf\u00e9 do mundo. A altura e o clima ameno favorecem a produ\u00e7\u00e3o de um sabor e aroma frutado com uma leve do\u00e7ura e acidez.<\/p>\n<p>*Para uso exclusivo na solu\u00e7\u00e3o TRES\u00ae<\/p>\n","protected":false},"excerpt":{"rendered":"<p>Blend com aroma levemente frutado e um sabor levemente \u00e1cido, o toque de sofistica\u00e7\u00e3o \u00e9 elaborado por especialistas que atuam na maior regi\u00e3o produtora de caf\u00e9 do mundo. A produ\u00e7\u00e3o anual do Sul de Minas atinge cerca de 10 milh\u00f5es de sacas de caf\u00e9 e \u00e9 reconhecida como a maior regi\u00e3o produtora de caf\u00e9 do [&hellip;]<\/p>\n","protected":false},"featured_media":2759,"comment_status":"open","ping_status":"closed","template":"","meta":[],"product_brand":[],"product_cat":[144,170],"product_tag":[],"class_list":{"0":"post-2757","1":"product","2":"type-product","3":"status-publish","4":"has-post-thumbnail","6":"product_cat-capsulas","7":"product_cat-produtos","9":"first","10":"instock","11":"shipping-taxable","12":"product-type-simple"},"_links":{"self":[{"href":"https:\/\/casanicolau.com.br\/site\/wp-json\/wp\/v2\/product\/2757","targetHints":{"allow":["GET"]}}],"collection":[{"href":"https:\/\/casanicolau.com.br\/site\/wp-json\/wp\/v2\/product"}],"about":[{"href":"https:\/\/casanicolau.com.br\/site\/wp-json\/wp\/v2\/types\/product"}],"replies":[{"embeddable":true,"href":"https:\/\/casanicolau.com.br\/site\/wp-json\/wp\/v2\/comments?post=2757"}],"wp:featuredmedia":[{"embeddable":true,"href":"https:\/\/casanicolau.com.br\/site\/wp-json\/wp\/v2\/media\/2759"}],"wp:attachment":[{"href":"https:\/\/casanicolau.com.br\/site\/wp-json\/wp\/v2\/media?parent=2757"}],"wp:term":[{"taxonomy":"product_brand","embeddable":true,"href":"https:\/\/casanicolau.com.br\/site\/wp-json\/wp\/v2\/product_brand?post=2757"},{"taxonomy":"product_cat","embeddable":true,"href":"https:\/\/casanicolau.com.br\/site\/wp-json\/wp\/v2\/product_cat?post=2757"},{"taxonomy":"product_tag","embeddable":true,"href":"https:\/\/casanicolau.com.br\/site\/wp-json\/wp\/v2\/product_tag?post=2757"}],"curies":[{"name":"wp","href":"https:\/\/api.w.org\/{rel}","templated":true}]}}