{"id":2763,"date":"2020-02-06T01:42:04","date_gmt":"2020-02-06T04:42:04","guid":{"rendered":"https:\/\/casanicolau.com.br\/?post_type=product&#038;p=2763"},"modified":"2020-02-06T01:42:04","modified_gmt":"2020-02-06T04:42:04","slug":"espresso-rituais-mogiana-paulista","status":"publish","type":"product","link":"https:\/\/casanicolau.com.br\/site\/product\/espresso-rituais-mogiana-paulista\/","title":{"rendered":"ESPRESSO RITUAIS MOGIANA PAULISTA"},"content":{"rendered":"<p>Blend preparado com caf\u00e9s produzidos na regi\u00e3o da Mogiana Paulista, localizada no nordeste do estado de S\u00e3o Paulo, \u00e9 uma regi\u00e3o privilegiada, com altitude m\u00e9dia de 1.050 metros e com esta\u00e7\u00f5es bem definidas.<br \/>\nElaborado com caf\u00e9s ar\u00e1bicas de sabor adocicados, de acidez c\u00edtrica de baixa a m\u00e9dia, corpo elevado e intenso, uma x\u00edcara caracterizada por notas de am\u00eandoas, nozes, cacau e frutas secas.<\/p>\n<p>*Para uso exclusivo na solu\u00e7\u00e3o TRES\u00ae<\/p>\n","protected":false},"excerpt":{"rendered":"<p>Blend preparado com caf\u00e9s produzidos na regi\u00e3o da Mogiana Paulista, localizada no nordeste do estado de S\u00e3o Paulo, \u00e9 uma regi\u00e3o privilegiada, com altitude m\u00e9dia de 1.050 metros e com esta\u00e7\u00f5es bem definidas. Elaborado com caf\u00e9s ar\u00e1bicas de sabor adocicados, de acidez c\u00edtrica de baixa a m\u00e9dia, corpo elevado e intenso, uma x\u00edcara caracterizada por [&hellip;]<\/p>\n","protected":false},"featured_media":2765,"comment_status":"open","ping_status":"closed","template":"","meta":[],"product_brand":[],"product_cat":[144,170],"product_tag":[],"class_list":{"0":"post-2763","1":"product","2":"type-product","3":"status-publish","4":"has-post-thumbnail","6":"product_cat-capsulas","7":"product_cat-produtos","9":"first","10":"instock","11":"shipping-taxable","12":"product-type-simple"},"_links":{"self":[{"href":"https:\/\/casanicolau.com.br\/site\/wp-json\/wp\/v2\/product\/2763","targetHints":{"allow":["GET"]}}],"collection":[{"href":"https:\/\/casanicolau.com.br\/site\/wp-json\/wp\/v2\/product"}],"about":[{"href":"https:\/\/casanicolau.com.br\/site\/wp-json\/wp\/v2\/types\/product"}],"replies":[{"embeddable":true,"href":"https:\/\/casanicolau.com.br\/site\/wp-json\/wp\/v2\/comments?post=2763"}],"wp:featuredmedia":[{"embeddable":true,"href":"https:\/\/casanicolau.com.br\/site\/wp-json\/wp\/v2\/media\/2765"}],"wp:attachment":[{"href":"https:\/\/casanicolau.com.br\/site\/wp-json\/wp\/v2\/media?parent=2763"}],"wp:term":[{"taxonomy":"product_brand","embeddable":true,"href":"https:\/\/casanicolau.com.br\/site\/wp-json\/wp\/v2\/product_brand?post=2763"},{"taxonomy":"product_cat","embeddable":true,"href":"https:\/\/casanicolau.com.br\/site\/wp-json\/wp\/v2\/product_cat?post=2763"},{"taxonomy":"product_tag","embeddable":true,"href":"https:\/\/casanicolau.com.br\/site\/wp-json\/wp\/v2\/product_tag?post=2763"}],"curies":[{"name":"wp","href":"https:\/\/api.w.org\/{rel}","templated":true}]}}