{"id":2769,"date":"2020-02-06T01:45:24","date_gmt":"2020-02-06T04:45:24","guid":{"rendered":"https:\/\/casanicolau.com.br\/?post_type=product&#038;p=2769"},"modified":"2020-02-06T01:45:24","modified_gmt":"2020-02-06T04:45:24","slug":"cappuccino-classic","status":"publish","type":"product","link":"https:\/\/casanicolau.com.br\/site\/product\/cappuccino-classic\/","title":{"rendered":"CAPPUCCINO CLASSIC"},"content":{"rendered":"<div class=\"product__description\">\n<div class=\"productDescription\">\n<p>Com sabor Inesquec\u00edvel o Cappuccino TRES\u00ae \u00e9 uma deliciosa bebida cremosa composta por caf\u00e9, leite, cacau e canela.<\/p>\n<p>*Para uso exclusivo na solu\u00e7\u00e3o TRES\u00ae<\/p>\n<\/div>\n<\/div>\n","protected":false},"excerpt":{"rendered":"<p>Com sabor Inesquec\u00edvel o Cappuccino TRES\u00ae \u00e9 uma deliciosa bebida cremosa composta por caf\u00e9, leite, cacau e canela. *Para uso exclusivo na solu\u00e7\u00e3o TRES\u00ae<\/p>\n","protected":false},"featured_media":2770,"comment_status":"open","ping_status":"closed","template":"","meta":[],"product_brand":[],"product_cat":[144,170],"product_tag":[],"class_list":{"0":"post-2769","1":"product","2":"type-product","3":"status-publish","4":"has-post-thumbnail","6":"product_cat-capsulas","7":"product_cat-produtos","9":"first","10":"instock","11":"shipping-taxable","12":"product-type-simple"},"_links":{"self":[{"href":"https:\/\/casanicolau.com.br\/site\/wp-json\/wp\/v2\/product\/2769","targetHints":{"allow":["GET"]}}],"collection":[{"href":"https:\/\/casanicolau.com.br\/site\/wp-json\/wp\/v2\/product"}],"about":[{"href":"https:\/\/casanicolau.com.br\/site\/wp-json\/wp\/v2\/types\/product"}],"replies":[{"embeddable":true,"href":"https:\/\/casanicolau.com.br\/site\/wp-json\/wp\/v2\/comments?post=2769"}],"wp:featuredmedia":[{"embeddable":true,"href":"https:\/\/casanicolau.com.br\/site\/wp-json\/wp\/v2\/media\/2770"}],"wp:attachment":[{"href":"https:\/\/casanicolau.com.br\/site\/wp-json\/wp\/v2\/media?parent=2769"}],"wp:term":[{"taxonomy":"product_brand","embeddable":true,"href":"https:\/\/casanicolau.com.br\/site\/wp-json\/wp\/v2\/product_brand?post=2769"},{"taxonomy":"product_cat","embeddable":true,"href":"https:\/\/casanicolau.com.br\/site\/wp-json\/wp\/v2\/product_cat?post=2769"},{"taxonomy":"product_tag","embeddable":true,"href":"https:\/\/casanicolau.com.br\/site\/wp-json\/wp\/v2\/product_tag?post=2769"}],"curies":[{"name":"wp","href":"https:\/\/api.w.org\/{rel}","templated":true}]}}