{"id":2784,"date":"2020-02-06T01:52:05","date_gmt":"2020-02-06T04:52:05","guid":{"rendered":"https:\/\/casanicolau.com.br\/?post_type=product&#038;p=2784"},"modified":"2020-02-06T01:52:05","modified_gmt":"2020-02-06T04:52:05","slug":"chai-latte","status":"publish","type":"product","link":"https:\/\/casanicolau.com.br\/site\/product\/chai-latte\/","title":{"rendered":"CHAI LATTE"},"content":{"rendered":"<p>Inspira\u00e7\u00e3o indiana a base de leite e ch\u00e1 preto. Com sabor intenso e muito arom\u00e1tico tem como caracter\u00edstica marcante um leve apimentado, devido \u00e0 combina\u00e7\u00e3o de gengibre com especiarias: cardamomo, cravo e canela.\u00a0Produzido com o sabor das especiarias do oriente.<\/p>\n<p>*Para uso exclusivo na solu\u00e7\u00e3o TRES\u00ae<\/p>\n","protected":false},"excerpt":{"rendered":"<p>Inspira\u00e7\u00e3o indiana a base de leite e ch\u00e1 preto. Com sabor intenso e muito arom\u00e1tico tem como caracter\u00edstica marcante um leve apimentado, devido \u00e0 combina\u00e7\u00e3o de gengibre com especiarias: cardamomo, cravo e canela.\u00a0Produzido com o sabor das especiarias do oriente. *Para uso exclusivo na solu\u00e7\u00e3o TRES\u00ae<\/p>\n","protected":false},"featured_media":2786,"comment_status":"open","ping_status":"closed","template":"","meta":[],"product_brand":[],"product_cat":[144,170],"product_tag":[],"class_list":{"0":"post-2784","1":"product","2":"type-product","3":"status-publish","4":"has-post-thumbnail","6":"product_cat-capsulas","7":"product_cat-produtos","9":"first","10":"instock","11":"shipping-taxable","12":"product-type-simple"},"_links":{"self":[{"href":"https:\/\/casanicolau.com.br\/site\/wp-json\/wp\/v2\/product\/2784","targetHints":{"allow":["GET"]}}],"collection":[{"href":"https:\/\/casanicolau.com.br\/site\/wp-json\/wp\/v2\/product"}],"about":[{"href":"https:\/\/casanicolau.com.br\/site\/wp-json\/wp\/v2\/types\/product"}],"replies":[{"embeddable":true,"href":"https:\/\/casanicolau.com.br\/site\/wp-json\/wp\/v2\/comments?post=2784"}],"wp:featuredmedia":[{"embeddable":true,"href":"https:\/\/casanicolau.com.br\/site\/wp-json\/wp\/v2\/media\/2786"}],"wp:attachment":[{"href":"https:\/\/casanicolau.com.br\/site\/wp-json\/wp\/v2\/media?parent=2784"}],"wp:term":[{"taxonomy":"product_brand","embeddable":true,"href":"https:\/\/casanicolau.com.br\/site\/wp-json\/wp\/v2\/product_brand?post=2784"},{"taxonomy":"product_cat","embeddable":true,"href":"https:\/\/casanicolau.com.br\/site\/wp-json\/wp\/v2\/product_cat?post=2784"},{"taxonomy":"product_tag","embeddable":true,"href":"https:\/\/casanicolau.com.br\/site\/wp-json\/wp\/v2\/product_tag?post=2784"}],"curies":[{"name":"wp","href":"https:\/\/api.w.org\/{rel}","templated":true}]}}