{"id":2790,"date":"2020-02-06T01:54:24","date_gmt":"2020-02-06T04:54:24","guid":{"rendered":"https:\/\/casanicolau.com.br\/?post_type=product&#038;p=2790"},"modified":"2020-02-06T01:54:24","modified_gmt":"2020-02-06T04:54:24","slug":"latte","status":"publish","type":"product","link":"https:\/\/casanicolau.com.br\/site\/product\/latte\/","title":{"rendered":"LATTE"},"content":{"rendered":"<p>O delicioso sucesso est\u00e1 de volta. Leite com espuma cremosa e uma textura aveludada. Perfeito para transformar os momentos do dia a dia em novas experi\u00eancias. Experimente combin\u00e1-lo com espressos, filtrados, ch\u00e1s e chocolatto.<\/p>\n<p>*Para uso exclusivo no sistema TRES\u00ae<\/p>\n","protected":false},"excerpt":{"rendered":"<p>O delicioso sucesso est\u00e1 de volta. Leite com espuma cremosa e uma textura aveludada. Perfeito para transformar os momentos do dia a dia em novas experi\u00eancias. Experimente combin\u00e1-lo com espressos, filtrados, ch\u00e1s e chocolatto. *Para uso exclusivo no sistema TRES\u00ae<\/p>\n","protected":false},"featured_media":2791,"comment_status":"open","ping_status":"closed","template":"","meta":[],"product_brand":[],"product_cat":[144,170],"product_tag":[],"class_list":{"0":"post-2790","1":"product","2":"type-product","3":"status-publish","4":"has-post-thumbnail","6":"product_cat-capsulas","7":"product_cat-produtos","9":"first","10":"instock","11":"shipping-taxable","12":"product-type-simple"},"_links":{"self":[{"href":"https:\/\/casanicolau.com.br\/site\/wp-json\/wp\/v2\/product\/2790","targetHints":{"allow":["GET"]}}],"collection":[{"href":"https:\/\/casanicolau.com.br\/site\/wp-json\/wp\/v2\/product"}],"about":[{"href":"https:\/\/casanicolau.com.br\/site\/wp-json\/wp\/v2\/types\/product"}],"replies":[{"embeddable":true,"href":"https:\/\/casanicolau.com.br\/site\/wp-json\/wp\/v2\/comments?post=2790"}],"wp:featuredmedia":[{"embeddable":true,"href":"https:\/\/casanicolau.com.br\/site\/wp-json\/wp\/v2\/media\/2791"}],"wp:attachment":[{"href":"https:\/\/casanicolau.com.br\/site\/wp-json\/wp\/v2\/media?parent=2790"}],"wp:term":[{"taxonomy":"product_brand","embeddable":true,"href":"https:\/\/casanicolau.com.br\/site\/wp-json\/wp\/v2\/product_brand?post=2790"},{"taxonomy":"product_cat","embeddable":true,"href":"https:\/\/casanicolau.com.br\/site\/wp-json\/wp\/v2\/product_cat?post=2790"},{"taxonomy":"product_tag","embeddable":true,"href":"https:\/\/casanicolau.com.br\/site\/wp-json\/wp\/v2\/product_tag?post=2790"}],"curies":[{"name":"wp","href":"https:\/\/api.w.org\/{rel}","templated":true}]}}