{"id":2802,"date":"2020-02-06T02:01:54","date_gmt":"2020-02-06T05:01:54","guid":{"rendered":"https:\/\/casanicolau.com.br\/?post_type=product&#038;p=2802"},"modified":"2020-02-06T02:01:54","modified_gmt":"2020-02-06T05:01:54","slug":"cha-de-hibisco-e-maca","status":"publish","type":"product","link":"https:\/\/casanicolau.com.br\/site\/product\/cha-de-hibisco-e-maca\/","title":{"rendered":"CH\u00c1 DE HIBISCO E MA\u00c7\u00c3"},"content":{"rendered":"<p>O novo ch\u00e1 da TRES\u00ae de HIBISCO E MA\u00c7\u00c3 SABOR FRUTAS VERMELHAS possui a delicadeza da ma\u00e7\u00e3, o frescor do hibisco e o toque adocicado das frutas vermelhas. Uma combina\u00e7\u00e3o surpreendente de sabores. *Para uso exclusivo na solu\u00e7\u00e3o TRES\u00ae<\/p>\n","protected":false},"excerpt":{"rendered":"<p>O novo ch\u00e1 da TRES\u00ae de HIBISCO E MA\u00c7\u00c3 SABOR FRUTAS VERMELHAS possui a delicadeza da ma\u00e7\u00e3, o frescor do hibisco e o toque adocicado das frutas vermelhas. Uma combina\u00e7\u00e3o surpreendente de sabores. *Para uso exclusivo na solu\u00e7\u00e3o TRES\u00ae<\/p>\n","protected":false},"featured_media":2804,"comment_status":"open","ping_status":"closed","template":"","meta":[],"product_brand":[],"product_cat":[144,170],"product_tag":[],"class_list":{"0":"post-2802","1":"product","2":"type-product","3":"status-publish","4":"has-post-thumbnail","6":"product_cat-capsulas","7":"product_cat-produtos","9":"first","10":"instock","11":"shipping-taxable","12":"product-type-simple"},"_links":{"self":[{"href":"https:\/\/casanicolau.com.br\/site\/wp-json\/wp\/v2\/product\/2802","targetHints":{"allow":["GET"]}}],"collection":[{"href":"https:\/\/casanicolau.com.br\/site\/wp-json\/wp\/v2\/product"}],"about":[{"href":"https:\/\/casanicolau.com.br\/site\/wp-json\/wp\/v2\/types\/product"}],"replies":[{"embeddable":true,"href":"https:\/\/casanicolau.com.br\/site\/wp-json\/wp\/v2\/comments?post=2802"}],"wp:featuredmedia":[{"embeddable":true,"href":"https:\/\/casanicolau.com.br\/site\/wp-json\/wp\/v2\/media\/2804"}],"wp:attachment":[{"href":"https:\/\/casanicolau.com.br\/site\/wp-json\/wp\/v2\/media?parent=2802"}],"wp:term":[{"taxonomy":"product_brand","embeddable":true,"href":"https:\/\/casanicolau.com.br\/site\/wp-json\/wp\/v2\/product_brand?post=2802"},{"taxonomy":"product_cat","embeddable":true,"href":"https:\/\/casanicolau.com.br\/site\/wp-json\/wp\/v2\/product_cat?post=2802"},{"taxonomy":"product_tag","embeddable":true,"href":"https:\/\/casanicolau.com.br\/site\/wp-json\/wp\/v2\/product_tag?post=2802"}],"curies":[{"name":"wp","href":"https:\/\/api.w.org\/{rel}","templated":true}]}}